{"id":9509,"date":"2022-06-04T12:53:04","date_gmt":"2022-06-04T12:53:04","guid":{"rendered":"http:\/\/revivalaudio.fr\/application-form\/"},"modified":"2022-08-03T21:38:51","modified_gmt":"2022-08-03T21:38:51","slug":"application-form","status":"publish","type":"page","link":"https:\/\/revivalaudio.fr\/fr\/application-form\/","title":{"rendered":"Formulaire de Candidature"},"content":{"rendered":"<div class=\"wpb-content-wrapper\"><p>[vc_row full_width=&#8221;stretch_row&#8221; full_height=&#8221;yes&#8221; content_placement=&#8221;middle&#8221; css=&#8221;.vc_custom_1657052642223{margin-top: -40px !important;padding-top: 25vh !important;padding-bottom: 25vh !important;background-image: url(http:\/\/revivalaudio.fr\/wp-content\/uploads\/2022\/06\/CEO-campaign-2.jpg?id=8073) !important;background-position: center !important;background-repeat: no-repeat !important;background-size: cover !important;}&#8221; woodmart_css_id=&#8221;62c49dc3db786&#8243; responsive_spacing=&#8221;eyJwYXJhbV90eXBlIjoid29vZG1hcnRfcmVzcG9uc2l2ZV9zcGFjaW5nIiwic2VsZWN0b3JfaWQiOiI2MmM0OWRjM2RiNzg2Iiwic2hvcnRjb2RlIjoidmNfcm93IiwiZGF0YSI6eyJ0YWJsZXQiOnt9LCJtb2JpbGUiOnt9fX0=&#8221; mobile_bg_img_hidden=&#8221;no&#8221; tablet_bg_img_hidden=&#8221;no&#8221; woodmart_parallax=&#8221;0&#8243; woodmart_gradient_switch=&#8221;no&#8221; woodmart_box_shadow=&#8221;no&#8221; wd_z_index=&#8221;no&#8221; woodmart_disable_overflow=&#8221;0&#8243; row_reverse_mobile=&#8221;0&#8243; row_reverse_tablet=&#8221;0&#8243;][vc_column woodmart_color_scheme=&#8221;light&#8221; woodmart_css_id=&#8221;6287a98f21f26&#8243; parallax_scroll=&#8221;no&#8221; woodmart_sticky_column=&#8221;false&#8221; wd_collapsible_content_switcher=&#8221;no&#8221; mobile_bg_img_hidden=&#8221;no&#8221; tablet_bg_img_hidden=&#8221;no&#8221; woodmart_parallax=&#8221;0&#8243; woodmart_box_shadow=&#8221;no&#8221; mobile_reset_margin=&#8221;no&#8221; tablet_reset_margin=&#8221;no&#8221; wd_z_index=&#8221;no&#8221; responsive_spacing=&#8221;eyJwYXJhbV90eXBlIjoid29vZG1hcnRfcmVzcG9uc2l2ZV9zcGFjaW5nIiwic2VsZWN0b3JfaWQiOiI2Mjg3YTk4ZjIxZjI2Iiwic2hvcnRjb2RlIjoidmNfY29sdW1uIiwiZGF0YSI6eyJ0YWJsZXQiOnt9LCJtb2JpbGUiOnt9fX0=&#8221;][vc_row_inner][vc_column_inner width=&#8221;1\/6&#8243;][\/vc_column_inner][vc_column_inner width=&#8221;2\/3&#8243;]\t\t<div id=\"wd-62de4d23171ca\" class=\"wd-text-block wd-wpb reset-last-child wd-rs-62de4d23171ca text-center color-scheme-light wd-font-weight-600 wd-fontsize-custom font-primary vc_custom_1658735932768\">\n\t\t\t<p style=\"text-align: center;\"><strong>C.E.O RECRUTEMENT SP\u00c9CIAL<\/strong><br \/>\n<strong>FORMULAIRE DE CANDIDATURE<\/strong><\/p>\n\t\t<\/div>\n\t\t[\/vc_column_inner][vc_column_inner width=&#8221;1\/6&#8243;][\/vc_column_inner][\/vc_row_inner][\/vc_column][\/vc_row][vc_row css=&#8221;.vc_custom_1653058818765{padding-top: 3vh !important;padding-bottom: 3vh !important;}&#8221; woodmart_css_id=&#8221;6287acfaad95c&#8221; responsive_spacing=&#8221;eyJwYXJhbV90eXBlIjoid29vZG1hcnRfcmVzcG9uc2l2ZV9zcGFjaW5nIiwic2VsZWN0b3JfaWQiOiI2Mjg3YWNmYWFkOTVjIiwic2hvcnRjb2RlIjoidmNfcm93IiwiZGF0YSI6eyJ0YWJsZXQiOnt9LCJtb2JpbGUiOnt9fX0=&#8221; mobile_bg_img_hidden=&#8221;no&#8221; tablet_bg_img_hidden=&#8221;no&#8221; woodmart_parallax=&#8221;0&#8243; woodmart_gradient_switch=&#8221;no&#8221; woodmart_box_shadow=&#8221;no&#8221; wd_z_index=&#8221;no&#8221; woodmart_disable_overflow=&#8221;0&#8243; row_reverse_mobile=&#8221;0&#8243; row_reverse_tablet=&#8221;0&#8243;][vc_column][vc_row_inner][vc_column_inner]\t\t<div id=\"wd-62eaead7a920c\" class=\"wd-text-block wd-wpb reset-last-child wd-rs-62eaead7a920c text-center wd-fontsize-custom font-primary \">\n\t\t\t<p>PR\u00c9PAREZ-VOUS POUR L&#8217;EXP\u00c9RIENCE DE NIVEAU SUP\u00c9RIEUR!<\/p>\n\t\t<\/div>\n\t\t[\/vc_column_inner][\/vc_row_inner][vc_row_inner css=&#8221;.vc_custom_1653918444141{margin-top: 2vh !important;}&#8221; woodmart_css_id=&#8221;6294cae7c32f2&#8243; responsive_spacing=&#8221;eyJwYXJhbV90eXBlIjoid29vZG1hcnRfcmVzcG9uc2l2ZV9zcGFjaW5nIiwic2VsZWN0b3JfaWQiOiI2Mjk0Y2FlN2MzMmYyIiwic2hvcnRjb2RlIjoidmNfcm93X2lubmVyIiwiZGF0YSI6eyJ0YWJsZXQiOnt9LCJtb2JpbGUiOnt9fX0=&#8221; mobile_bg_img_hidden=&#8221;no&#8221; tablet_bg_img_hidden=&#8221;no&#8221; woodmart_parallax=&#8221;0&#8243; woodmart_gradient_switch=&#8221;no&#8221; woodmart_box_shadow=&#8221;no&#8221; wd_z_index=&#8221;no&#8221; woodmart_disable_overflow=&#8221;0&#8243; row_reverse_mobile=&#8221;0&#8243; row_reverse_tablet=&#8221;0&#8243;][vc_column_inner css=&#8221;.vc_custom_1653058575791{padding-top: 0px !important;}&#8221; woodmart_css_id=&#8221;6287ac0b3ea15&#8243; parallax_scroll=&#8221;no&#8221; woodmart_sticky_column=&#8221;false&#8221; wd_collapsible_content_switcher=&#8221;no&#8221; mobile_bg_img_hidden=&#8221;no&#8221; tablet_bg_img_hidden=&#8221;no&#8221; woodmart_parallax=&#8221;0&#8243; woodmart_box_shadow=&#8221;no&#8221; wd_z_index=&#8221;no&#8221; responsive_spacing=&#8221;eyJwYXJhbV90eXBlIjoid29vZG1hcnRfcmVzcG9uc2l2ZV9zcGFjaW5nIiwic2VsZWN0b3JfaWQiOiI2Mjg3YWMwYjNlYTE1Iiwic2hvcnRjb2RlIjoidmNfY29sdW1uX2lubmVyIiwiZGF0YSI6eyJ0YWJsZXQiOnt9LCJtb2JpbGUiOnt9fX0=&#8221;][\/vc_column_inner][\/vc_row_inner]\t\t<div id=\"wd-62de4d5deeccd\" class=\"wd-text-block wd-wpb reset-last-child wd-rs-62de4d5deeccd text-left \">\n\t\t\t<p style=\"text-align: center;\">Merci de votre int\u00e9r\u00eat pour les produits Revival Audio!<\/p>\n<p style=\"text-align: center;\">Notre campagne de recrutement sp\u00e9ciale C.E.O est votre meilleure chance de profiter de nos produits de niveau sup\u00e9rieur.<\/p>\n<p style=\"text-align: center;\">Veuillez r\u00e9pondre au questionnaire suivant, afin que nous puissions \u00e9valuer la possibilit\u00e9 de vous avoir \u00e0 bord de notre programme unique.<\/p>\n\t\t<\/div>\n\t\t[\/vc_column][\/vc_row][vc_section full_width=&#8221;stretch_row&#8221; css=&#8221;.vc_custom_1657053547009{margin-bottom: -6vh !important;background-color: #ffffff !important;}&#8221; woodmart_css_id=&#8221;62c4a1652e2bf&#8221; responsive_spacing=&#8221;eyJwYXJhbV90eXBlIjoid29vZG1hcnRfcmVzcG9uc2l2ZV9zcGFjaW5nIiwic2VsZWN0b3JfaWQiOiI2MmM0YTE2NTJlMmJmIiwic2hvcnRjb2RlIjoidmNfc2VjdGlvbiIsImRhdGEiOnsidGFibGV0Ijp7fSwibW9iaWxlIjp7fX19&#8243; mobile_bg_img_hidden=&#8221;no&#8221; tablet_bg_img_hidden=&#8221;no&#8221; woodmart_parallax=&#8221;0&#8243; woodmart_gradient_switch=&#8221;no&#8221; woodmart_box_shadow=&#8221;no&#8221; wd_z_index=&#8221;no&#8221; woodmart_disable_overflow=&#8221;0&#8243;][vc_row][vc_column]\t\t<div id=\"wd-62eaeae2e4723\" class=\"wd-text-block wd-wpb reset-last-child wd-rs-62eaeae2e4723 text-center wd-fontsize-custom font-primary \">\n\t\t\t<p>QUESTIONNAIRE DE CANDIDATURE<\/p>\n\t\t<\/div>\n\t\t[\/vc_column][\/vc_row][vc_row][vc_column][vc_column_text woodmart_inline=&#8221;no&#8221; text_larger=&#8221;no&#8221;]<noscript class=\"ninja-forms-noscript-message\">\n\tRemarque\u00a0: JavaScript est requis pour ce contenu.<\/noscript>\nCe formulaire est actuellement en maintenance. Veuillez r\u00e9essayer plus tard.[\/vc_column_text][\/vc_column][\/vc_row][\/vc_section]<\/p>\n<\/div>","protected":false},"excerpt":{"rendered":"<p>[vc_row full_width=&#8221;stretch_row&#8221; full_height=&#8221;yes&#8221; content_placement=&#8221;middle&#8221; css=&#8221;.vc_custom_1657052642223{margin-top: -40px !important;padding-top: 25vh !important;padding-bottom: 25vh !important;background-image: url(http:\/\/revivalaudio.fr\/wp-content\/uploads\/2022\/06\/CEO-campaign-2.jpg?id=8073) !important;background-position: center !important;background-repeat: no-repeat !important;background-size: cover !important;}&#8221; woodmart_css_id=&#8221;62c49dc3db786&#8243;<\/p>\n","protected":false},"author":2,"featured_media":0,"parent":0,"menu_order":0,"comment_status":"closed","ping_status":"closed","template":"","meta":{"_acf_changed":false,"om_disable_all_campaigns":false,"footnotes":""},"class_list":["post-9509","page","type-page","status-publish","hentry"],"acf":[],"yoast_head":"<!-- This site is optimized with the Yoast SEO plugin v27.5 - https:\/\/yoast.com\/product\/yoast-seo-wordpress\/ -->\n<title>Formulaire de Candidature | Revival Audio<\/title>\n<meta name=\"robots\" content=\"index, follow, max-snippet:-1, max-image-preview:large, max-video-preview:-1\" \/>\n<link rel=\"canonical\" href=\"https:\/\/revivalaudio.fr\/fr\/application-form\/\" \/>\n<meta property=\"og:locale\" content=\"fr_FR\" \/>\n<meta property=\"og:type\" content=\"article\" \/>\n<meta property=\"og:title\" content=\"Formulaire de Candidature | Revival Audio\" \/>\n<meta property=\"og:url\" content=\"https:\/\/revivalaudio.fr\/fr\/application-form\/\" \/>\n<meta property=\"og:site_name\" content=\"Revival Audio\" \/>\n<meta property=\"article:publisher\" content=\"https:\/\/www.facebook.com\/RevivalAudio.fr\" \/>\n<meta property=\"article:modified_time\" content=\"2022-08-03T21:38:51+00:00\" \/>\n<meta property=\"og:image\" content=\"https:\/\/revivalaudio.fr\/wp-content\/uploads\/2022\/04\/logo.png\" \/>\n\t<meta property=\"og:image:width\" content=\"500\" \/>\n\t<meta property=\"og:image:height\" content=\"343\" \/>\n\t<meta property=\"og:image:type\" content=\"image\/png\" \/>\n<meta name=\"twitter:card\" content=\"summary_large_image\" \/>\n<meta name=\"twitter:site\" content=\"@RevivalAudio_fr\" \/>\n<meta name=\"twitter:label1\" content=\"Dur\u00e9e de lecture estim\u00e9e\" \/>\n\t<meta name=\"twitter:data1\" content=\"2 minutes\" \/>\n<script type=\"application\/ld+json\" class=\"yoast-schema-graph\">{\"@context\":\"https:\\\/\\\/schema.org\",\"@graph\":[{\"@type\":\"WebPage\",\"@id\":\"https:\\\/\\\/revivalaudio.fr\\\/fr\\\/application-form\\\/\",\"url\":\"https:\\\/\\\/revivalaudio.fr\\\/fr\\\/application-form\\\/\",\"name\":\"Formulaire de Candidature | Revival Audio\",\"isPartOf\":{\"@id\":\"https:\\\/\\\/revivalaudio.fr\\\/#website\"},\"datePublished\":\"2022-06-04T12:53:04+00:00\",\"dateModified\":\"2022-08-03T21:38:51+00:00\",\"breadcrumb\":{\"@id\":\"https:\\\/\\\/revivalaudio.fr\\\/fr\\\/application-form\\\/#breadcrumb\"},\"inLanguage\":\"fr-FR\",\"potentialAction\":[{\"@type\":\"ReadAction\",\"target\":[\"https:\\\/\\\/revivalaudio.fr\\\/fr\\\/application-form\\\/\"]}]},{\"@type\":\"BreadcrumbList\",\"@id\":\"https:\\\/\\\/revivalaudio.fr\\\/fr\\\/application-form\\\/#breadcrumb\",\"itemListElement\":[{\"@type\":\"ListItem\",\"position\":1,\"name\":\"Home\",\"item\":\"https:\\\/\\\/revivalaudio.fr\\\/fr\\\/\"},{\"@type\":\"ListItem\",\"position\":2,\"name\":\"Formulaire de Candidature\"}]},{\"@type\":\"WebSite\",\"@id\":\"https:\\\/\\\/revivalaudio.fr\\\/#website\",\"url\":\"https:\\\/\\\/revivalaudio.fr\\\/\",\"name\":\"Revival Audio\",\"description\":\"Listen to the Next Level\",\"publisher\":{\"@id\":\"https:\\\/\\\/revivalaudio.fr\\\/#organization\"},\"potentialAction\":[{\"@type\":\"SearchAction\",\"target\":{\"@type\":\"EntryPoint\",\"urlTemplate\":\"https:\\\/\\\/revivalaudio.fr\\\/?s={search_term_string}\"},\"query-input\":{\"@type\":\"PropertyValueSpecification\",\"valueRequired\":true,\"valueName\":\"search_term_string\"}}],\"inLanguage\":\"fr-FR\"},{\"@type\":\"Organization\",\"@id\":\"https:\\\/\\\/revivalaudio.fr\\\/#organization\",\"name\":\"Revival Audio\",\"url\":\"https:\\\/\\\/revivalaudio.fr\\\/\",\"logo\":{\"@type\":\"ImageObject\",\"inLanguage\":\"fr-FR\",\"@id\":\"https:\\\/\\\/revivalaudio.fr\\\/#\\\/schema\\\/logo\\\/image\\\/\",\"url\":\"https:\\\/\\\/i0.wp.com\\\/revivalaudio.fr\\\/wp-content\\\/uploads\\\/2022\\\/05\\\/Logo-s.png?fit=491%2C491&ssl=1\",\"contentUrl\":\"https:\\\/\\\/i0.wp.com\\\/revivalaudio.fr\\\/wp-content\\\/uploads\\\/2022\\\/05\\\/Logo-s.png?fit=491%2C491&ssl=1\",\"width\":491,\"height\":491,\"caption\":\"Revival Audio\"},\"image\":{\"@id\":\"https:\\\/\\\/revivalaudio.fr\\\/#\\\/schema\\\/logo\\\/image\\\/\"},\"sameAs\":[\"https:\\\/\\\/www.facebook.com\\\/RevivalAudio.fr\",\"https:\\\/\\\/x.com\\\/RevivalAudio_fr\",\"https:\\\/\\\/www.instagram.com\\\/revivalaudio.fr\\\/\"]}]}<\/script>\n<!-- \/ Yoast SEO plugin. -->","yoast_head_json":{"title":"Formulaire de Candidature | Revival Audio","robots":{"index":"index","follow":"follow","max-snippet":"max-snippet:-1","max-image-preview":"max-image-preview:large","max-video-preview":"max-video-preview:-1"},"canonical":"https:\/\/revivalaudio.fr\/fr\/application-form\/","og_locale":"fr_FR","og_type":"article","og_title":"Formulaire de Candidature | Revival Audio","og_url":"https:\/\/revivalaudio.fr\/fr\/application-form\/","og_site_name":"Revival Audio","article_publisher":"https:\/\/www.facebook.com\/RevivalAudio.fr","article_modified_time":"2022-08-03T21:38:51+00:00","og_image":[{"width":500,"height":343,"url":"https:\/\/revivalaudio.fr\/wp-content\/uploads\/2022\/04\/logo.png","type":"image\/png"}],"twitter_card":"summary_large_image","twitter_site":"@RevivalAudio_fr","twitter_misc":{"Dur\u00e9e de lecture estim\u00e9e":"2 minutes"},"schema":{"@context":"https:\/\/schema.org","@graph":[{"@type":"WebPage","@id":"https:\/\/revivalaudio.fr\/fr\/application-form\/","url":"https:\/\/revivalaudio.fr\/fr\/application-form\/","name":"Formulaire de Candidature | Revival Audio","isPartOf":{"@id":"https:\/\/revivalaudio.fr\/#website"},"datePublished":"2022-06-04T12:53:04+00:00","dateModified":"2022-08-03T21:38:51+00:00","breadcrumb":{"@id":"https:\/\/revivalaudio.fr\/fr\/application-form\/#breadcrumb"},"inLanguage":"fr-FR","potentialAction":[{"@type":"ReadAction","target":["https:\/\/revivalaudio.fr\/fr\/application-form\/"]}]},{"@type":"BreadcrumbList","@id":"https:\/\/revivalaudio.fr\/fr\/application-form\/#breadcrumb","itemListElement":[{"@type":"ListItem","position":1,"name":"Home","item":"https:\/\/revivalaudio.fr\/fr\/"},{"@type":"ListItem","position":2,"name":"Formulaire de Candidature"}]},{"@type":"WebSite","@id":"https:\/\/revivalaudio.fr\/#website","url":"https:\/\/revivalaudio.fr\/","name":"Revival Audio","description":"Listen to the Next Level","publisher":{"@id":"https:\/\/revivalaudio.fr\/#organization"},"potentialAction":[{"@type":"SearchAction","target":{"@type":"EntryPoint","urlTemplate":"https:\/\/revivalaudio.fr\/?s={search_term_string}"},"query-input":{"@type":"PropertyValueSpecification","valueRequired":true,"valueName":"search_term_string"}}],"inLanguage":"fr-FR"},{"@type":"Organization","@id":"https:\/\/revivalaudio.fr\/#organization","name":"Revival Audio","url":"https:\/\/revivalaudio.fr\/","logo":{"@type":"ImageObject","inLanguage":"fr-FR","@id":"https:\/\/revivalaudio.fr\/#\/schema\/logo\/image\/","url":"https:\/\/i0.wp.com\/revivalaudio.fr\/wp-content\/uploads\/2022\/05\/Logo-s.png?fit=491%2C491&ssl=1","contentUrl":"https:\/\/i0.wp.com\/revivalaudio.fr\/wp-content\/uploads\/2022\/05\/Logo-s.png?fit=491%2C491&ssl=1","width":491,"height":491,"caption":"Revival Audio"},"image":{"@id":"https:\/\/revivalaudio.fr\/#\/schema\/logo\/image\/"},"sameAs":["https:\/\/www.facebook.com\/RevivalAudio.fr","https:\/\/x.com\/RevivalAudio_fr","https:\/\/www.instagram.com\/revivalaudio.fr\/"]}]}},"jetpack_sharing_enabled":true,"_links":{"self":[{"href":"https:\/\/revivalaudio.fr\/fr\/wp-json\/wp\/v2\/pages\/9509","targetHints":{"allow":["GET"]}}],"collection":[{"href":"https:\/\/revivalaudio.fr\/fr\/wp-json\/wp\/v2\/pages"}],"about":[{"href":"https:\/\/revivalaudio.fr\/fr\/wp-json\/wp\/v2\/types\/page"}],"author":[{"embeddable":true,"href":"https:\/\/revivalaudio.fr\/fr\/wp-json\/wp\/v2\/users\/2"}],"replies":[{"embeddable":true,"href":"https:\/\/revivalaudio.fr\/fr\/wp-json\/wp\/v2\/comments?post=9509"}],"version-history":[{"count":4,"href":"https:\/\/revivalaudio.fr\/fr\/wp-json\/wp\/v2\/pages\/9509\/revisions"}],"predecessor-version":[{"id":9958,"href":"https:\/\/revivalaudio.fr\/fr\/wp-json\/wp\/v2\/pages\/9509\/revisions\/9958"}],"wp:attachment":[{"href":"https:\/\/revivalaudio.fr\/fr\/wp-json\/wp\/v2\/media?parent=9509"}],"curies":[{"name":"wp","href":"https:\/\/api.w.org\/{rel}","templated":true}]}}