{"id":9514,"date":"2022-05-20T12:51:37","date_gmt":"2022-05-20T10:51:37","guid":{"rendered":"http:\/\/revivalaudio.fr\/community\/"},"modified":"2023-03-31T10:59:10","modified_gmt":"2023-03-31T08:59:10","slug":"community","status":"publish","type":"page","link":"https:\/\/revivalaudio.fr\/fr\/community\/","title":{"rendered":"La Communaut\u00e9 Revival Audio"},"content":{"rendered":"<div class=\"wpb-content-wrapper\"><p>[vc_row full_width=&#8221;stretch_row&#8221; equal_height=&#8221;yes&#8221; content_placement=&#8221;middle&#8221; woodmart_css_id=&#8221;62a8f9dc754ef&#8221; responsive_spacing=&#8221;eyJwYXJhbV90eXBlIjoid29vZG1hcnRfcmVzcG9uc2l2ZV9zcGFjaW5nIiwic2VsZWN0b3JfaWQiOiI2MmE4ZjlkYzc1NGVmIiwic2hvcnRjb2RlIjoidmNfcm93IiwiZGF0YSI6eyJ0YWJsZXQiOnt9LCJtb2JpbGUiOnt9fX0=&#8221; mobile_bg_img_hidden=&#8221;no&#8221; tablet_bg_img_hidden=&#8221;no&#8221; woodmart_parallax=&#8221;0&#8243; woodmart_gradient_switch=&#8221;no&#8221; woodmart_box_shadow=&#8221;no&#8221; wd_z_index=&#8221;no&#8221; woodmart_disable_overflow=&#8221;0&#8243; row_reverse_mobile=&#8221;0&#8243; row_reverse_tablet=&#8221;0&#8243; css=&#8221;.vc_custom_1655241187207{margin-top: -40px !important;background-color: #ffffff !important;}&#8221;][vc_column width=&#8221;1\/2&#8243;]\t\t<div id=\"wd-62de4ed254f1e\" class=\"wd-text-block wd-wpb reset-last-child wd-rs-62de4ed254f1e text-left wd-width-enabled wd-font-weight-600 wd-fontsize-custom font-primary vc_custom_1658736353887\" style=\"--wd-max-width: 90%;\">\n\t\t\t<p><strong>LA COMMUNAUTE REVIVAL AUDIO\u00a0<\/strong><\/p>\n\t\t<\/div>\n\t\t\t\t<div id=\"wd-62de4ee777ad1\" class=\"wd-text-block wd-wpb reset-last-child wd-rs-62de4ee777ad1 text-left wd-width-enabled wd-font-weight-400 wd-fontsize-l font-primary \" style=\"--wd-max-width: 90%;\">\n\t\t\t<p>La meilleure communaut\u00e9 dans le Hi-End<\/p>\n\t\t<\/div>\n\t\t\t\t<div id=\"wd-6333f7826f191\" class=\"wd-text-block wd-wpb reset-last-child wd-rs-6333f7826f191 text-left wd-width-enabled wd-font-weight-200 wd-fontsize-s font-alt \" style=\"--wd-max-width: 90%;\">\n\t\t\t<p>D\u00e8s le premier jour de Revival Audio, nous avions l&#8217;ambition non seulement de cr\u00e9er des produits et des technologies de niveau sup\u00e9rieur, mais aussi de former une communaut\u00e9 haut de gamme.<\/p>\n<p>Nos auditeurs sont au centre de Revival Audio.<br \/>\nEn tant que marque, nous voulons \u00eatre un accompagnateur digne de confiance tout au long de votre parcours d&#8217;\u00e9coute.<\/p>\n<p>Nous partageons, sourions, apprenons les uns des autres et fa\u00e7onnons votre histoire avec les produits Revival Audio.<\/p>\n<p>\u00c0 cette fin, nous concevons la communaut\u00e9 Revival Audio, qui se compose de la &#8220;<strong>House of Revival Audio<\/strong>&#8221; et du <strong>Ambassadeur\u00a0Club<\/strong>.<\/p>\n\t\t<\/div>\n\t\t[\/vc_column][vc_column width=&#8221;1\/2&#8243;][vc_single_image image=&#8221;10357&#8243; img_size=&#8221;full&#8221; alignment=&#8221;center&#8221; parallax_scroll=&#8221;no&#8221; woodmart_inline=&#8221;no&#8221;][\/vc_column][\/vc_row][vc_row][vc_column]\t\t<div id=\"wd-62de4f7009ca6\" class=\"wd-text-block wd-wpb reset-last-child wd-rs-62de4f7009ca6 text-left wd-width-enabled wd-font-weight-600 wd-fontsize-custom font-primary \" style=\"--wd-max-width: 90%;\">\n\t\t\t<p>COMMENT \u00c7A MARCHE? QUELS SONT LES B\u00c9N\u00c9FICES?<\/p>\n\t\t<\/div>\n\t\t\t\t<div id=\"wd-6426a0c23a477\" class=\"wd-text-block wd-wpb reset-last-child wd-rs-6426a0c23a477 text-left wd-width-enabled \" style=\"--wd-max-width: 90%;\">\n\t\t\t<p>Il est totalement GRATUIT de rejoindre la House of Revival Audio. Nous vous enverrons les derni\u00e8res informations afin que vous sachiez ce qui est &#8220;HOT&#8221; en ce moment. Ne vous inqui\u00e9tez pas, nous n&#8217;enverrons pas de messages promotionnels ennuyeux.\u00a0 <span style=\"text-decoration: underline;\"><span style=\"color: #0000ff; text-decoration: underline;\"><a style=\"color: #0000ff; text-decoration: underline;\" href=\"https:\/\/revivalaudio.fr\/fr\/user-account\/\"><strong>Rejoignez-nous<\/strong><\/a><\/span><\/span> ici.<\/p>\n<p>Une fois que vous devenez propri\u00e9taire du ou des produits Revival Audio, vous devenez l&#8217;un de nos Ambassadeur et rejoignez automatiquement le Ambassadeur Club avec plus d&#8217;avantages exclusifs au club.<\/p>\n<ul>\n<li>Cadeau de bienvenue du Ambassadeur Club (choses sp\u00e9ciales que vous ne trouverez pas sur le march\u00e9)<\/li>\n<li>Bonus de parrainage (jusqu&#8217;\u00e0 5 % de la valeur du produit r\u00e9f\u00e9r\u00e9)<\/li>\n<li>Invitation exclusive \u00e0 des \u00e9v\u00e9nements<\/li>\n<li>\u00c9v\u00e9nements de lancement et de d\u00e9monstration de nouveaux produits<\/li>\n<li>Et plus encore&#8230;<\/li>\n<\/ul>\n\t\t<\/div>\n\t\t\t\t<div id=\"wd-62de4fe2847dc\" class=\"wd-text-block wd-wpb reset-last-child wd-rs-62de4fe2847dc text-left wd-width-enabled wd-font-weight-200 wd-fontsize-custom font-alt \" style=\"--wd-max-width: 90%;\">\n\t\t\t<p><em>*Veuillez noter que les avantages sous forme de r\u00e9ductions, les offres et les bonus de parrainage ne s&#8217;appliquent qu&#8217;aux achats via notre boutique en ligne.<\/em><\/p>\n\t\t<\/div>\n\t\t[\/vc_column][\/vc_row][vc_row full_width=&#8221;stretch_row&#8221; disable_element=&#8221;yes&#8221; css=&#8221;.vc_custom_1666358535636{background-color: #ffffff !important;}&#8221; woodmart_css_id=&#8221;63529d00c50f8&#8243; responsive_spacing=&#8221;eyJwYXJhbV90eXBlIjoid29vZG1hcnRfcmVzcG9uc2l2ZV9zcGFjaW5nIiwic2VsZWN0b3JfaWQiOiI2MzUyOWQwMGM1MGY4Iiwic2hvcnRjb2RlIjoidmNfcm93IiwiZGF0YSI6eyJ0YWJsZXQiOnt9LCJtb2JpbGUiOnt9fX0=&#8221; mobile_bg_img_hidden=&#8221;no&#8221; tablet_bg_img_hidden=&#8221;no&#8221; woodmart_parallax=&#8221;0&#8243; woodmart_gradient_switch=&#8221;no&#8221; woodmart_box_shadow=&#8221;no&#8221; wd_z_index=&#8221;no&#8221; woodmart_disable_overflow=&#8221;0&#8243; row_reverse_mobile=&#8221;0&#8243; row_reverse_tablet=&#8221;0&#8243;][vc_column]\t\t<div id=\"wd-6333f7eba2894\" class=\"wd-text-block wd-wpb reset-last-child wd-rs-6333f7eba2894 text-left wd-width-enabled wd-font-weight-600 wd-fontsize-custom font-primary \" style=\"--wd-max-width: 90%;\">\n\t\t\t<p>LA VOIE VERS LE AMBASSADEUR CLUB<\/p>\n\t\t<\/div>\n\t\t\t\t<div id=\"wd-6333f8086354d\" class=\"wd-text-block wd-wpb reset-last-child wd-rs-6333f8086354d text-left wd-width-enabled \" style=\"--wd-max-width: 90%;\">\n\t\t\t<p>Il existe deux fa\u00e7ons de devenir propri\u00e9taire d&#8217;un produit Revival Audio et d&#8217;\u00eatre membre du Ambassadeur Club.<\/p>\n<ul>\n<li>Achetez des produits avec vos avantages House of Revival Audio<\/li>\n<li>Achetez des produits via la campagne de recrutement sp\u00e9cial Ambassadeur uniquement pendant la p\u00e9riode de lancement du nouveau produit<\/li>\n<\/ul>\n\t\t<\/div>\n\t\t[vc_single_image image=&#8221;10363&#8243; img_size=&#8221;large&#8221; add_caption=&#8221;yes&#8221; parallax_scroll=&#8221;no&#8221; woodmart_inline=&#8221;no&#8221;]\t\t<div id=\"wd-6333f8419adc0\" class=\"wd-text-block wd-wpb reset-last-child wd-rs-6333f8419adc0 text-left wd-width-enabled wd-font-weight-200 wd-fontsize-custom font-alt \" style=\"--wd-max-width: 90%;\">\n\t\t\t<p>* La campagne de recrutement sp\u00e9cial ambassadeur s&#8217;applique uniquement aux achats via notre boutique en ligne.<\/p>\n\t\t<\/div>\n\t\t[\/vc_column][\/vc_row][vc_row full_width=&#8221;stretch_row&#8221; css=&#8221;.vc_custom_1666358578155{background-color: #ffffff !important;}&#8221; woodmart_css_id=&#8221;63529d258e43c&#8221; responsive_spacing=&#8221;eyJwYXJhbV90eXBlIjoid29vZG1hcnRfcmVzcG9uc2l2ZV9zcGFjaW5nIiwic2VsZWN0b3JfaWQiOiI2MzUyOWQyNThlNDNjIiwic2hvcnRjb2RlIjoidmNfcm93IiwiZGF0YSI6eyJ0YWJsZXQiOnt9LCJtb2JpbGUiOnt9fX0=&#8221; mobile_bg_img_hidden=&#8221;no&#8221; tablet_bg_img_hidden=&#8221;no&#8221; woodmart_parallax=&#8221;0&#8243; woodmart_gradient_switch=&#8221;no&#8221; woodmart_box_shadow=&#8221;no&#8221; wd_z_index=&#8221;no&#8221; woodmart_disable_overflow=&#8221;0&#8243; row_reverse_mobile=&#8221;0&#8243; row_reverse_tablet=&#8221;0&#8243;][vc_column]\t\t<div id=\"wd-62de506ed2418\" class=\"wd-text-block wd-wpb reset-last-child wd-rs-62de506ed2418 text-left wd-font-weight-400 wd-fontsize-custom font-primary \">\n\t\t\t<p>QUESTIONS FREQUENTES<\/p>\n\t\t<\/div>\n\t\t[\/vc_column][\/vc_row][vc_row full_width=&#8221;stretch_row&#8221; woodmart_css_id=&#8221;63529d3d0b04f&#8221; responsive_spacing=&#8221;eyJwYXJhbV90eXBlIjoid29vZG1hcnRfcmVzcG9uc2l2ZV9zcGFjaW5nIiwic2VsZWN0b3JfaWQiOiI2MzUyOWQzZDBiMDRmIiwic2hvcnRjb2RlIjoidmNfcm93IiwiZGF0YSI6eyJ0YWJsZXQiOnt9LCJtb2JpbGUiOnt9fX0=&#8221; mobile_bg_img_hidden=&#8221;no&#8221; tablet_bg_img_hidden=&#8221;no&#8221; woodmart_parallax=&#8221;0&#8243; woodmart_gradient_switch=&#8221;no&#8221; woodmart_box_shadow=&#8221;no&#8221; wd_z_index=&#8221;no&#8221; woodmart_disable_overflow=&#8221;0&#8243; row_reverse_mobile=&#8221;0&#8243; row_reverse_tablet=&#8221;0&#8243; css=&#8221;.vc_custom_1666358606195{background-color: #ffffff !important;}&#8221;][vc_column width=&#8221;1\/2&#8243;][vc_toggle title=&#8221;Comment puis-je rejoindre la House of Revival Audio ?&#8221;]C&#8217;est totalement gratuit, inscrivez vous simplement et vous y \u00eates![\/vc_toggle][\/vc_column][vc_column width=&#8221;1\/2&#8243;][vc_toggle title=&#8221;Mes informations personnelles sont-elles prot\u00e9g\u00e9es ? Puis-je supprimer mon compte si je n&#8217;en ai plus besoin ?&#8221;]Vos informations personnelles sont strictement prot\u00e9g\u00e9es et ne seront utilis\u00e9es que dans le cadre d\u00e9crit dans notre politique de confidentialit\u00e9<br \/>\nVous pouvez supprimer votre compte \u00e0 tout moment.[\/vc_toggle][\/vc_column][\/vc_row][vc_row full_width=&#8221;stretch_row&#8221; disable_element=&#8221;yes&#8221; woodmart_css_id=&#8221;63529d173ff01&#8243; responsive_spacing=&#8221;eyJwYXJhbV90eXBlIjoid29vZG1hcnRfcmVzcG9uc2l2ZV9zcGFjaW5nIiwic2VsZWN0b3JfaWQiOiI2MzUyOWQxNzNmZjAxIiwic2hvcnRjb2RlIjoidmNfcm93IiwiZGF0YSI6eyJ0YWJsZXQiOnt9LCJtb2JpbGUiOnt9fX0=&#8221; mobile_bg_img_hidden=&#8221;no&#8221; tablet_bg_img_hidden=&#8221;no&#8221; woodmart_parallax=&#8221;0&#8243; woodmart_gradient_switch=&#8221;no&#8221; woodmart_box_shadow=&#8221;no&#8221; wd_z_index=&#8221;no&#8221; woodmart_disable_overflow=&#8221;0&#8243; row_reverse_mobile=&#8221;0&#8243; row_reverse_tablet=&#8221;0&#8243;][vc_column width=&#8221;1\/2&#8243;][vc_toggle title=&#8221;Comment puis-je rejoindre la House of Revival Audio ?&#8221;]C&#8217;est totalement gratuit, inscrivez vous simplement et vous y \u00eates![\/vc_toggle][vc_toggle title=&#8221;Qu&#8217;est-ce que la campagne de recrutement sp\u00e9cial Ambassadeur ? O\u00f9 puis-je le trouver et comment participer ?&#8221;]Lorsqu&#8217;un nouveau produit est lanc\u00e9, c&#8217;est le moment de lancer la campagne de recrutement sp\u00e9cial Ambassadeur.<br \/>\nAmbassadeur Special Recruitment est une campagne limit\u00e9e dans le temps et en nombre de places.<\/p>\n<p>N&#8217;oubliez pas de vous inscrire \u00e0 notre communaut\u00e9 et vous recevrez les informations sur la campagne en premier lieu.[\/vc_toggle][vc_toggle title=&#8221;Puis-je quand m\u00eame participer \u00e0 la campagne de recrutement sp\u00e9cial C.E.O dans le pays o\u00f9 vous avez un partenaire local ?&#8221;]Malheureusement non.<\/p>\n<p>En raison du plein respect de nos experts locaux sur la meilleure politique locale possible, la campagne ne s&#8217;applique qu&#8217;aux achats via notre boutique en ligne.<\/p>\n<p>N&#8217;h\u00e9sitez pas \u00e0 nous contacter pour avoir plus d&#8217;information.[\/vc_toggle][\/vc_column][vc_column width=&#8221;1\/2&#8243;][vc_toggle title=&#8221;Pourquoi les avantages bas\u00e9s sur des remises ne s&#8217;appliquent ils qu&#8217;aux achats via la boutique en ligne ?&#8221;]Pour les achats hors boutique en ligne, dans la plupart des cas, ils passeront par nos partenaires internationaux.<br \/>\nComme nous respectons pleinement la politique de nos partenaires pour r\u00e9pondre au mieux aux besoins locaux, les conditions peuvent \u00eatre diff\u00e9rentes.<\/p>\n<p>Par cons\u00e9quent, les avantages bas\u00e9s sur la r\u00e9duction ne peuvent \u00eatre appliqu\u00e9s que pour les achats via notre boutique en ligne.[\/vc_toggle][vc_toggle title=&#8221;Mes informations personnelles sont-elles prot\u00e9g\u00e9es ? Puis-je supprimer mon compte si je n&#8217;en ai plus besoin ?&#8221;]Vos informations personnelles sont strictement prot\u00e9g\u00e9es et ne seront utilis\u00e9es que dans le cadre d\u00e9crit dans notre politique de confidentialit\u00e9<br \/>\nVous pouvez supprimer votre compte \u00e0 tout moment.[\/vc_toggle][\/vc_column][\/vc_row]<\/p>\n<\/div>","protected":false},"excerpt":{"rendered":"<p>[vc_row full_width=&#8221;stretch_row&#8221; equal_height=&#8221;yes&#8221; content_placement=&#8221;middle&#8221; woodmart_css_id=&#8221;62a8f9dc754ef&#8221; responsive_spacing=&#8221;eyJwYXJhbV90eXBlIjoid29vZG1hcnRfcmVzcG9uc2l2ZV9zcGFjaW5nIiwic2VsZWN0b3JfaWQiOiI2MmE4ZjlkYzc1NGVmIiwic2hvcnRjb2RlIjoidmNfcm93IiwiZGF0YSI6eyJ0YWJsZXQiOnt9LCJtb2JpbGUiOnt9fX0=&#8221; mobile_bg_img_hidden=&#8221;no&#8221; tablet_bg_img_hidden=&#8221;no&#8221; woodmart_parallax=&#8221;0&#8243; woodmart_gradient_switch=&#8221;no&#8221; woodmart_box_shadow=&#8221;no&#8221; wd_z_index=&#8221;no&#8221; woodmart_disable_overflow=&#8221;0&#8243; row_reverse_mobile=&#8221;0&#8243; row_reverse_tablet=&#8221;0&#8243; css=&#8221;.vc_custom_1655241187207{margin-top: -40px !important;background-color: #ffffff !important;}&#8221;][vc_column<\/p>\n","protected":false},"author":1,"featured_media":0,"parent":0,"menu_order":0,"comment_status":"closed","ping_status":"closed","template":"","meta":{"_acf_changed":false,"om_disable_all_campaigns":false,"footnotes":""},"class_list":["post-9514","page","type-page","status-publish","hentry"],"acf":[],"yoast_head":"<!-- This site is optimized with the Yoast SEO plugin v27.5 - https:\/\/yoast.com\/product\/yoast-seo-wordpress\/ -->\n<title>La Communaut\u00e9 Revival Audio | Revival Audio<\/title>\n<meta name=\"description\" content=\"C&#039;est totalement gratuit, inscrivez vous simplement et vous y \u00eates!Vos informations personnelles sont strictement prot\u00e9g\u00e9es et ne seront utilis\u00e9es que\" \/>\n<meta name=\"robots\" content=\"index, follow, max-snippet:-1, max-image-preview:large, max-video-preview:-1\" \/>\n<link rel=\"canonical\" href=\"https:\/\/revivalaudio.fr\/fr\/community\/\" \/>\n<meta property=\"og:locale\" content=\"fr_FR\" \/>\n<meta property=\"og:type\" content=\"article\" \/>\n<meta property=\"og:title\" content=\"La Communaut\u00e9 Revival Audio | Revival Audio\" \/>\n<meta property=\"og:description\" content=\"C&#039;est totalement gratuit, inscrivez vous simplement et vous y \u00eates!Vos informations personnelles sont strictement prot\u00e9g\u00e9es et ne seront utilis\u00e9es que\" \/>\n<meta property=\"og:url\" content=\"https:\/\/revivalaudio.fr\/fr\/community\/\" \/>\n<meta property=\"og:site_name\" content=\"Revival Audio\" \/>\n<meta property=\"article:publisher\" content=\"https:\/\/www.facebook.com\/RevivalAudio.fr\" \/>\n<meta property=\"article:modified_time\" content=\"2023-03-31T08:59:10+00:00\" \/>\n<meta property=\"og:image\" content=\"https:\/\/revivalaudio.fr\/wp-content\/uploads\/2022\/04\/logo.png\" \/>\n\t<meta property=\"og:image:width\" content=\"500\" \/>\n\t<meta property=\"og:image:height\" content=\"343\" \/>\n\t<meta property=\"og:image:type\" content=\"image\/png\" \/>\n<meta name=\"twitter:card\" content=\"summary_large_image\" \/>\n<meta name=\"twitter:site\" content=\"@RevivalAudio_fr\" \/>\n<meta name=\"twitter:label1\" content=\"Dur\u00e9e de lecture estim\u00e9e\" \/>\n\t<meta name=\"twitter:data1\" content=\"4 minutes\" \/>\n<script type=\"application\/ld+json\" class=\"yoast-schema-graph\">{\"@context\":\"https:\\\/\\\/schema.org\",\"@graph\":[{\"@type\":\"WebPage\",\"@id\":\"https:\\\/\\\/revivalaudio.fr\\\/fr\\\/community\\\/\",\"url\":\"https:\\\/\\\/revivalaudio.fr\\\/fr\\\/community\\\/\",\"name\":\"La Communaut\u00e9 Revival Audio | Revival Audio\",\"isPartOf\":{\"@id\":\"https:\\\/\\\/revivalaudio.fr\\\/#website\"},\"datePublished\":\"2022-05-20T10:51:37+00:00\",\"dateModified\":\"2023-03-31T08:59:10+00:00\",\"description\":\"C'est totalement gratuit, inscrivez vous simplement et vous y \u00eates!Vos informations personnelles sont strictement prot\u00e9g\u00e9es et ne seront utilis\u00e9es que\",\"breadcrumb\":{\"@id\":\"https:\\\/\\\/revivalaudio.fr\\\/fr\\\/community\\\/#breadcrumb\"},\"inLanguage\":\"fr-FR\",\"potentialAction\":[{\"@type\":\"ReadAction\",\"target\":[\"https:\\\/\\\/revivalaudio.fr\\\/fr\\\/community\\\/\"]}]},{\"@type\":\"BreadcrumbList\",\"@id\":\"https:\\\/\\\/revivalaudio.fr\\\/fr\\\/community\\\/#breadcrumb\",\"itemListElement\":[{\"@type\":\"ListItem\",\"position\":1,\"name\":\"Home\",\"item\":\"https:\\\/\\\/revivalaudio.fr\\\/fr\\\/\"},{\"@type\":\"ListItem\",\"position\":2,\"name\":\"La Communaut\u00e9 Revival Audio\"}]},{\"@type\":\"WebSite\",\"@id\":\"https:\\\/\\\/revivalaudio.fr\\\/#website\",\"url\":\"https:\\\/\\\/revivalaudio.fr\\\/\",\"name\":\"Revival Audio\",\"description\":\"Listen to the Next Level\",\"publisher\":{\"@id\":\"https:\\\/\\\/revivalaudio.fr\\\/#organization\"},\"potentialAction\":[{\"@type\":\"SearchAction\",\"target\":{\"@type\":\"EntryPoint\",\"urlTemplate\":\"https:\\\/\\\/revivalaudio.fr\\\/?s={search_term_string}\"},\"query-input\":{\"@type\":\"PropertyValueSpecification\",\"valueRequired\":true,\"valueName\":\"search_term_string\"}}],\"inLanguage\":\"fr-FR\"},{\"@type\":\"Organization\",\"@id\":\"https:\\\/\\\/revivalaudio.fr\\\/#organization\",\"name\":\"Revival Audio\",\"url\":\"https:\\\/\\\/revivalaudio.fr\\\/\",\"logo\":{\"@type\":\"ImageObject\",\"inLanguage\":\"fr-FR\",\"@id\":\"https:\\\/\\\/revivalaudio.fr\\\/#\\\/schema\\\/logo\\\/image\\\/\",\"url\":\"https:\\\/\\\/i0.wp.com\\\/revivalaudio.fr\\\/wp-content\\\/uploads\\\/2022\\\/05\\\/Logo-s.png?fit=491%2C491&ssl=1\",\"contentUrl\":\"https:\\\/\\\/i0.wp.com\\\/revivalaudio.fr\\\/wp-content\\\/uploads\\\/2022\\\/05\\\/Logo-s.png?fit=491%2C491&ssl=1\",\"width\":491,\"height\":491,\"caption\":\"Revival Audio\"},\"image\":{\"@id\":\"https:\\\/\\\/revivalaudio.fr\\\/#\\\/schema\\\/logo\\\/image\\\/\"},\"sameAs\":[\"https:\\\/\\\/www.facebook.com\\\/RevivalAudio.fr\",\"https:\\\/\\\/x.com\\\/RevivalAudio_fr\",\"https:\\\/\\\/www.instagram.com\\\/revivalaudio.fr\\\/\"]}]}<\/script>\n<!-- \/ Yoast SEO plugin. -->","yoast_head_json":{"title":"La Communaut\u00e9 Revival Audio | Revival Audio","description":"C'est totalement gratuit, inscrivez vous simplement et vous y \u00eates!Vos informations personnelles sont strictement prot\u00e9g\u00e9es et ne seront utilis\u00e9es que","robots":{"index":"index","follow":"follow","max-snippet":"max-snippet:-1","max-image-preview":"max-image-preview:large","max-video-preview":"max-video-preview:-1"},"canonical":"https:\/\/revivalaudio.fr\/fr\/community\/","og_locale":"fr_FR","og_type":"article","og_title":"La Communaut\u00e9 Revival Audio | Revival Audio","og_description":"C'est totalement gratuit, inscrivez vous simplement et vous y \u00eates!Vos informations personnelles sont strictement prot\u00e9g\u00e9es et ne seront utilis\u00e9es que","og_url":"https:\/\/revivalaudio.fr\/fr\/community\/","og_site_name":"Revival Audio","article_publisher":"https:\/\/www.facebook.com\/RevivalAudio.fr","article_modified_time":"2023-03-31T08:59:10+00:00","og_image":[{"width":500,"height":343,"url":"https:\/\/revivalaudio.fr\/wp-content\/uploads\/2022\/04\/logo.png","type":"image\/png"}],"twitter_card":"summary_large_image","twitter_site":"@RevivalAudio_fr","twitter_misc":{"Dur\u00e9e de lecture estim\u00e9e":"4 minutes"},"schema":{"@context":"https:\/\/schema.org","@graph":[{"@type":"WebPage","@id":"https:\/\/revivalaudio.fr\/fr\/community\/","url":"https:\/\/revivalaudio.fr\/fr\/community\/","name":"La Communaut\u00e9 Revival Audio | Revival Audio","isPartOf":{"@id":"https:\/\/revivalaudio.fr\/#website"},"datePublished":"2022-05-20T10:51:37+00:00","dateModified":"2023-03-31T08:59:10+00:00","description":"C'est totalement gratuit, inscrivez vous simplement et vous y \u00eates!Vos informations personnelles sont strictement prot\u00e9g\u00e9es et ne seront utilis\u00e9es que","breadcrumb":{"@id":"https:\/\/revivalaudio.fr\/fr\/community\/#breadcrumb"},"inLanguage":"fr-FR","potentialAction":[{"@type":"ReadAction","target":["https:\/\/revivalaudio.fr\/fr\/community\/"]}]},{"@type":"BreadcrumbList","@id":"https:\/\/revivalaudio.fr\/fr\/community\/#breadcrumb","itemListElement":[{"@type":"ListItem","position":1,"name":"Home","item":"https:\/\/revivalaudio.fr\/fr\/"},{"@type":"ListItem","position":2,"name":"La Communaut\u00e9 Revival Audio"}]},{"@type":"WebSite","@id":"https:\/\/revivalaudio.fr\/#website","url":"https:\/\/revivalaudio.fr\/","name":"Revival Audio","description":"Listen to the Next Level","publisher":{"@id":"https:\/\/revivalaudio.fr\/#organization"},"potentialAction":[{"@type":"SearchAction","target":{"@type":"EntryPoint","urlTemplate":"https:\/\/revivalaudio.fr\/?s={search_term_string}"},"query-input":{"@type":"PropertyValueSpecification","valueRequired":true,"valueName":"search_term_string"}}],"inLanguage":"fr-FR"},{"@type":"Organization","@id":"https:\/\/revivalaudio.fr\/#organization","name":"Revival Audio","url":"https:\/\/revivalaudio.fr\/","logo":{"@type":"ImageObject","inLanguage":"fr-FR","@id":"https:\/\/revivalaudio.fr\/#\/schema\/logo\/image\/","url":"https:\/\/i0.wp.com\/revivalaudio.fr\/wp-content\/uploads\/2022\/05\/Logo-s.png?fit=491%2C491&ssl=1","contentUrl":"https:\/\/i0.wp.com\/revivalaudio.fr\/wp-content\/uploads\/2022\/05\/Logo-s.png?fit=491%2C491&ssl=1","width":491,"height":491,"caption":"Revival Audio"},"image":{"@id":"https:\/\/revivalaudio.fr\/#\/schema\/logo\/image\/"},"sameAs":["https:\/\/www.facebook.com\/RevivalAudio.fr","https:\/\/x.com\/RevivalAudio_fr","https:\/\/www.instagram.com\/revivalaudio.fr\/"]}]}},"jetpack_sharing_enabled":true,"_links":{"self":[{"href":"https:\/\/revivalaudio.fr\/fr\/wp-json\/wp\/v2\/pages\/9514","targetHints":{"allow":["GET"]}}],"collection":[{"href":"https:\/\/revivalaudio.fr\/fr\/wp-json\/wp\/v2\/pages"}],"about":[{"href":"https:\/\/revivalaudio.fr\/fr\/wp-json\/wp\/v2\/types\/page"}],"author":[{"embeddable":true,"href":"https:\/\/revivalaudio.fr\/fr\/wp-json\/wp\/v2\/users\/1"}],"replies":[{"embeddable":true,"href":"https:\/\/revivalaudio.fr\/fr\/wp-json\/wp\/v2\/comments?post=9514"}],"version-history":[{"count":9,"href":"https:\/\/revivalaudio.fr\/fr\/wp-json\/wp\/v2\/pages\/9514\/revisions"}],"predecessor-version":[{"id":12063,"href":"https:\/\/revivalaudio.fr\/fr\/wp-json\/wp\/v2\/pages\/9514\/revisions\/12063"}],"wp:attachment":[{"href":"https:\/\/revivalaudio.fr\/fr\/wp-json\/wp\/v2\/media?parent=9514"}],"curies":[{"name":"wp","href":"https:\/\/api.w.org\/{rel}","templated":true}]}}