{"id":9552,"date":"2022-04-27T16:48:16","date_gmt":"2022-04-27T14:48:16","guid":{"rendered":"http:\/\/revivalaudio.fr\/contact\/"},"modified":"2023-03-31T10:26:41","modified_gmt":"2023-03-31T08:26:41","slug":"contact","status":"publish","type":"page","link":"https:\/\/revivalaudio.fr\/fr\/contact\/","title":{"rendered":"Contact"},"content":{"rendered":"<div class=\"wpb-content-wrapper\"><p>[vc_row equal_height=&#8221;yes&#8221; css_animation=&#8221;none&#8221; css=&#8221;.vc_custom_1496926452255{margin-right: -50px !important;margin-left: -50px !important;}&#8221;][vc_column css=&#8221;.vc_custom_1658824716679{border-right-width: 1px !important;padding-top: 20px !important;padding-right: 50px !important;padding-bottom: 10px !important;padding-left: 50px !important;border-right-color: #e8e8e8 !important;border-right-style: solid !important;}&#8221; offset=&#8221;vc_col-lg-6 vc_hidden-lg vc_col-md-6 vc_hidden-md vc_hidden-sm vc_hidden-xs&#8221; woodmart_css_id=&#8221;62dfa8028ea38&#8243; parallax_scroll=&#8221;no&#8221; woodmart_sticky_column=&#8221;false&#8221; wd_collapsible_content_switcher=&#8221;no&#8221; mobile_bg_img_hidden=&#8221;no&#8221; tablet_bg_img_hidden=&#8221;no&#8221; woodmart_parallax=&#8221;0&#8243; woodmart_box_shadow=&#8221;no&#8221; mobile_reset_margin=&#8221;no&#8221; tablet_reset_margin=&#8221;no&#8221; wd_z_index=&#8221;no&#8221; responsive_spacing=&#8221;eyJwYXJhbV90eXBlIjoid29vZG1hcnRfcmVzcG9uc2l2ZV9zcGFjaW5nIiwic2VsZWN0b3JfaWQiOiI2MmRmYTgwMjhlYTM4Iiwic2hvcnRjb2RlIjoidmNfY29sdW1uIiwiZGF0YSI6eyJ0YWJsZXQiOnt9LCJtb2JpbGUiOnt9fX0=&#8221;]\n\t\t<div id=\"wd-62de4b76c1789\" class=\"title-wrapper wd-wpb wd-set-mb reset-last-child  wd-rs-62de4b76c1789 wd-title-color-default wd-title-style-default text-left  wd-underline-colored\">\n\t\t\t\t\t\t\t\n\t\t\t\t<div class=\"title-subtitle  subtitle-color-default font-default subtitle-style-default wd-font-weight- wd-fontsize-xs\">INFORMATION QUESTIONS<\/div>\n\t\t\t\n\t\t\t<div class=\"liner-continer\">\n\t\t\t\t<h4 class=\"woodmart-title-container title  wd-font-weight- wd-fontsize-l\" >QUESTIONS FREQUENTES<\/h4>\n\t\t\t\t\t\t\t<\/div>\n\t\t\t\n\t\t\t\n\t\t\t\n\t\t<\/div>\n\t\t\n\t\t\n\t\t<div id=\"wd-61825698b13f0\" class=\"wd-accordion wd-wpb wd-rs-61825698b13f0  wd-style-default wd-titles-left wd-opener-pos-right wd-opener-style-arrow\" data-state=\"first\">\n\t\t\t\t\t\t\t\n\t\t\t\t\n\t\t\t\t<div class=\"wd-accordion-item\">\n\t\t\t\t\t<div class=\"wd-accordion-title wd-active font-text wd-fontsize-s wd-font-weight-600\" data-accordion-index=\"0\">\n\t\t\t\t\t\t<div class=\"wd-accordion-title-text\">\n\t\t\t\t\t\t\t\t\t\t\t\t\t\t<span>\n\t\t\t\t\t\t\t\tVais-je recevoir le m\u00eame produit que celui que je vois sur la photo ?\t\t\t\t\t\t\t<\/span>\n\t\t\t\t\t\t<\/div>\n\t\t\t\t\t\t<span class=\"wd-accordion-opener\"><\/span>\n\t\t\t\t\t<\/div>\n\n\t\t\t\t\t<div class=\"wd-accordion-content wd-entry-content wd-active\" data-accordion-index=\"0\">\n\t\t\t\t\t\t\t\t\t\t\t\t\t<p>Absolument!<\/p>\n\t\t\t\t\t\t\t\t\t\t\t<\/div>\n\t\t\t\t<\/div>\n\t\t\t\t\t\t\t\n\t\t\t\t\n\t\t\t\t<div class=\"wd-accordion-item\">\n\t\t\t\t\t<div class=\"wd-accordion-title font-text wd-fontsize-s wd-font-weight-600\" data-accordion-index=\"1\">\n\t\t\t\t\t\t<div class=\"wd-accordion-title-text\">\n\t\t\t\t\t\t\t\t\t\t\t\t\t\t<span>\n\t\t\t\t\t\t\t\tO\u00f9 puis-je consulter mon ticket de caisse?\t\t\t\t\t\t\t<\/span>\n\t\t\t\t\t\t<\/div>\n\t\t\t\t\t\t<span class=\"wd-accordion-opener\"><\/span>\n\t\t\t\t\t<\/div>\n\n\t\t\t\t\t<div class=\"wd-accordion-content wd-entry-content\" data-accordion-index=\"1\">\n\t\t\t\t\t\t\t\t\t\t\t\t\t<p>A r\u00e9ception du paiement, vous recevrez un email de confirmation avec votre ticket de caisse et votre facture.<\/p>\n\t\t\t\t\t\t\t\t\t\t\t<\/div>\n\t\t\t\t<\/div>\n\t\t\t\t\t\t\t\n\t\t\t\t\n\t\t\t\t<div class=\"wd-accordion-item\">\n\t\t\t\t\t<div class=\"wd-accordion-title font-text wd-fontsize-s wd-font-weight-600\" data-accordion-index=\"2\">\n\t\t\t\t\t\t<div class=\"wd-accordion-title-text\">\n\t\t\t\t\t\t\t\t\t\t\t\t\t\t<span>\n\t\t\t\t\t\t\t\tComment puis-je retourner un article ?\t\t\t\t\t\t\t<\/span>\n\t\t\t\t\t\t<\/div>\n\t\t\t\t\t\t<span class=\"wd-accordion-opener\"><\/span>\n\t\t\t\t\t<\/div>\n\n\t\t\t\t\t<div class=\"wd-accordion-content wd-entry-content\" data-accordion-index=\"2\">\n\t\t\t\t\t\t\t\t\t\t\t\t\t<p>Contactez-nous et nous mettrons tout en \u0153uvre pour vous aider!<\/p>\n\t\t\t\t\t\t\t\t\t\t\t<\/div>\n\t\t\t\t<\/div>\n\t\t\t\t\t\t\t\n\t\t\t\t\n\t\t\t\t<div class=\"wd-accordion-item\">\n\t\t\t\t\t<div class=\"wd-accordion-title font-text wd-fontsize-s wd-font-weight-600\" data-accordion-index=\"3\">\n\t\t\t\t\t\t<div class=\"wd-accordion-title-text\">\n\t\t\t\t\t\t\t\t\t\t\t\t\t\t<span>\n\t\t\t\t\t\t\t\tAllez-vous r\u00e9approvisionner les articles indiqu\u00e9s comme ``en rupture de stock ?``\t\t\t\t\t\t\t<\/span>\n\t\t\t\t\t\t<\/div>\n\t\t\t\t\t\t<span class=\"wd-accordion-opener\"><\/span>\n\t\t\t\t\t<\/div>\n\n\t\t\t\t\t<div class=\"wd-accordion-content wd-entry-content\" data-accordion-index=\"3\">\n\t\t\t\t\t\t\t\t\t\t\t\t\t<p>Si l&#8217;un de nos produits n&#8217;est pas en stock, contactez nous afin que nous puissions vous indiquer la date de disponibilit\u00e9 prochaine<\/p>\n\t\t\t\t\t\t\t\t\t\t\t<\/div>\n\t\t\t\t<\/div>\n\t\t\t\t\t\t\t\n\t\t\t\t\n\t\t\t\t<div class=\"wd-accordion-item\">\n\t\t\t\t\t<div class=\"wd-accordion-title font-text wd-fontsize-s wd-font-weight-600\" data-accordion-index=\"4\">\n\t\t\t\t\t\t<div class=\"wd-accordion-title-text\">\n\t\t\t\t\t\t\t\t\t\t\t\t\t\t<span>\n\t\t\t\t\t\t\t\tO\u00f9 puis-je exp\u00e9dier ma commande ?\t\t\t\t\t\t\t<\/span>\n\t\t\t\t\t\t<\/div>\n\t\t\t\t\t\t<span class=\"wd-accordion-opener\"><\/span>\n\t\t\t\t\t<\/div>\n\n\t\t\t\t\t<div class=\"wd-accordion-content wd-entry-content\" data-accordion-index=\"4\">\n\t\t\t\t\t\t\t\t\t\t\t\t\t<p>Consultez notre offre sur la page d\u00e9di\u00e9e.<\/p>\n\t\t\t\t\t\t\t\t\t\t\t<\/div>\n\t\t\t\t<\/div>\n\t\t\t\t\t\t\t\t\t\t\t\t\t\t<\/div>\n\n\t\t[\/vc_column][vc_column css=&#8221;.vc_custom_1496927688909{padding-top: 20px !important;padding-right: 50px !important;padding-bottom: 10px !important;padding-left: 50px !important;}&#8221; offset=&#8221;vc_col-lg-6 vc_col-md-6&#8243;]\n\t\t<div id=\"wd-62de4cd7f03a4\" class=\"title-wrapper wd-wpb wd-set-mb reset-last-child  wd-rs-62de4cd7f03a4 wd-title-color-default wd-title-style-default text-left  wd-underline-colored\">\n\t\t\t\t\t\t\t\n\t\t\t\t<div class=\"title-subtitle  subtitle-color-default font-default subtitle-style-default wd-font-weight- wd-fontsize-xs\">INFORMATION ABOUT US<\/div>\n\t\t\t\n\t\t\t<div class=\"liner-continer\">\n\t\t\t\t<h4 class=\"woodmart-title-container title  wd-font-weight- wd-fontsize-l\" >CONTACTEZ NOUS POUR TOUTES QUESTIONS<\/h4>\n\t\t\t\t\t\t\t<\/div>\n\t\t\t\n\t\t\t\n\t\t\t\n\t\t<\/div>\n\t\t\n\t\t\n<div class=\"wpcf7 no-js\" id=\"wpcf7-f9945-o1\" lang=\"fr-FR\" dir=\"ltr\" data-wpcf7-id=\"9945\">\n<div class=\"screen-reader-response\"><p role=\"status\" aria-live=\"polite\" aria-atomic=\"true\"><\/p> <ul><\/ul><\/div>\n<form action=\"\/fr\/wp-json\/wp\/v2\/pages\/9552#wpcf7-f9945-o1\" method=\"post\" class=\"wpcf7-form init ebdad1290800 cmatic-conn cmatic-aud-1 cmatic-mapd0-0 cmatic-v097802 cmatic-sent-0 cmatic-total-200\" aria-label=\"Formulaire de contact\" enctype=\"multipart\/form-data\" novalidate=\"novalidate\" data-status=\"init\">\n<fieldset class=\"hidden-fields-container\"><input type=\"hidden\" name=\"_wpcf7\" value=\"9945\" \/><input type=\"hidden\" name=\"_wpcf7_version\" value=\"6.1.5\" \/><input type=\"hidden\" name=\"_wpcf7_locale\" value=\"fr_FR\" \/><input type=\"hidden\" name=\"_wpcf7_unit_tag\" value=\"wpcf7-f9945-o1\" \/><input type=\"hidden\" name=\"_wpcf7_container_post\" value=\"0\" \/><input type=\"hidden\" name=\"_wpcf7_posted_data_hash\" value=\"\" \/><input type=\"hidden\" name=\"_wpcf7_recaptcha_response\" value=\"\" \/>\n<\/fieldset>\n<p><label>Votre nom <span style=\"color:red\">*<\/span><br \/>\n<span class=\"wpcf7-form-control-wrap\" data-name=\"your-name\"><input size=\"40\" maxlength=\"400\" class=\"wpcf7-form-control wpcf7-text wpcf7-validates-as-required\" aria-required=\"true\" aria-invalid=\"false\" placeholder=\"Entrez votre nom complet\" value=\"\" type=\"text\" name=\"your-name\" \/><\/span><br \/>\n<\/label>\n<\/p>\n<p><label>Votre e-mail <span style=\"color:red\">*<\/span><br \/>\n<span class=\"wpcf7-form-control-wrap\" data-name=\"your-email\"><input size=\"40\" maxlength=\"400\" class=\"wpcf7-form-control wpcf7-email wpcf7-validates-as-required wpcf7-text wpcf7-validates-as-email\" aria-required=\"true\" aria-invalid=\"false\" placeholder=\"exemple@email.com\" value=\"\" type=\"email\" name=\"your-email\" \/><\/span><br \/>\n<\/label>\n<\/p>\n<p><label>Num\u00e9ro de t\u00e9l\u00e9phone<br \/>\n<span class=\"wpcf7-form-control-wrap\" data-name=\"phonetext-603\"><input size=\"40\" maxlength=\"400\" class=\"wpcf7-form-control wpcf7-tel wpcf7-text wpcf7-validates-as-tel\" aria-invalid=\"false\" placeholder=\"Facultatif\" value=\"\" type=\"tel\" name=\"phonetext-603\" \/><\/span><br \/>\n<\/label>\n<\/p>\n<p><label>Pays<br \/>\n<span class=\"wpcf7-form-control-wrap\" data-name=\"countrytext-865\"><input size=\"40\" maxlength=\"400\" class=\"wpcf7-form-control wpcf7-text\" aria-invalid=\"false\" placeholder=\"Ex : France\" value=\"\" type=\"text\" name=\"countrytext-865\" \/><\/span><br \/>\n<\/label>\n<\/p>\n<p><label>Sujet <span style=\"color:red\">*<\/span><br \/>\n<span class=\"wpcf7-form-control-wrap\" data-name=\"your-subject\"><input size=\"40\" maxlength=\"400\" class=\"wpcf7-form-control wpcf7-text wpcf7-validates-as-required\" aria-required=\"true\" aria-invalid=\"false\" placeholder=\"Objet de votre message\" value=\"\" type=\"text\" name=\"your-subject\" \/><\/span><br \/>\n<\/label>\n<\/p>\n<p><label>Votre message (facultatif)<br \/>\n<span class=\"wpcf7-form-control-wrap\" data-name=\"your-message\"><textarea cols=\"40\" rows=\"10\" maxlength=\"2000\" class=\"wpcf7-form-control wpcf7-textarea\" aria-invalid=\"false\" placeholder=\"Votre message ici...\" name=\"your-message\"><\/textarea><\/span><br \/>\n<\/label>\n<\/p>\n<p><label>Joindre un fichier (PDF, JPG ou PNG - max. 2\u202fMo)<br \/>\n<span class=\"wpcf7-form-control-wrap\" data-name=\"file-attachment\"><input size=\"40\" class=\"wpcf7-form-control wpcf7-file\" accept=\".pdf,.jpg,.jpeg,.png\" aria-invalid=\"false\" type=\"file\" name=\"file-attachment\" \/><\/span><br \/>\n<\/label>\n<\/p>\n<p><input class=\"wpcf7-form-control wpcf7-submit has-spinner btn-color-black\" type=\"submit\" value=\"Envoyer le message\" \/>\n<\/p><p style=\"display: none !important;\" class=\"akismet-fields-container\" data-prefix=\"_wpcf7_ak_\"><label>&#916;<textarea name=\"_wpcf7_ak_hp_textarea\" cols=\"45\" rows=\"8\" maxlength=\"100\"><\/textarea><\/label><input type=\"hidden\" id=\"ak_js_1\" name=\"_wpcf7_ak_js\" value=\"45\"\/><script type=\"text\/javascript\">\n\/* <![CDATA[ *\/\ndocument.getElementById( \"ak_js_1\" ).setAttribute( \"value\", ( new Date() ).getTime() );\n\/* ]]> *\/\n<\/script>\n<\/p><div class=\"wpcf7-response-output\" aria-hidden=\"true\"><\/div>\n<\/form>\n<\/div>\n[\/vc_column][\/vc_row]<\/p>\n<\/div>","protected":false},"excerpt":{"rendered":"<p>[vc_row equal_height=&#8221;yes&#8221; css_animation=&#8221;none&#8221; css=&#8221;.vc_custom_1496926452255{margin-right: -50px !important;margin-left: -50px !important;}&#8221;][vc_column css=&#8221;.vc_custom_1658824716679{border-right-width: 1px !important;padding-top: 20px !important;padding-right: 50px !important;padding-bottom: 10px !important;padding-left: 50px !important;border-right-color: #e8e8e8<\/p>\n","protected":false},"author":1,"featured_media":0,"parent":0,"menu_order":0,"comment_status":"closed","ping_status":"closed","template":"","meta":{"_acf_changed":false,"om_disable_all_campaigns":false,"footnotes":""},"class_list":["post-9552","page","type-page","status-publish","hentry"],"acf":[],"yoast_head":"<!-- This site is optimized with the Yoast SEO plugin v27.5 - https:\/\/yoast.com\/product\/yoast-seo-wordpress\/ -->\n<title>Contact | Revival Audio<\/title>\n<meta name=\"robots\" content=\"index, follow, max-snippet:-1, max-image-preview:large, max-video-preview:-1\" \/>\n<link rel=\"canonical\" href=\"https:\/\/revivalaudio.fr\/fr\/contact\/\" \/>\n<meta property=\"og:locale\" content=\"fr_FR\" \/>\n<meta property=\"og:type\" content=\"article\" \/>\n<meta property=\"og:title\" content=\"Contact | Revival Audio\" \/>\n<meta property=\"og:url\" content=\"https:\/\/revivalaudio.fr\/fr\/contact\/\" \/>\n<meta property=\"og:site_name\" content=\"Revival Audio\" \/>\n<meta property=\"article:publisher\" content=\"https:\/\/www.facebook.com\/RevivalAudio.fr\" \/>\n<meta property=\"article:modified_time\" content=\"2023-03-31T08:26:41+00:00\" \/>\n<meta property=\"og:image\" content=\"https:\/\/revivalaudio.fr\/wp-content\/uploads\/2022\/04\/logo.png\" \/>\n\t<meta property=\"og:image:width\" content=\"500\" \/>\n\t<meta property=\"og:image:height\" content=\"343\" \/>\n\t<meta property=\"og:image:type\" content=\"image\/png\" \/>\n<meta name=\"twitter:card\" content=\"summary_large_image\" \/>\n<meta name=\"twitter:site\" content=\"@RevivalAudio_fr\" \/>\n<meta name=\"twitter:label1\" content=\"Dur\u00e9e de lecture estim\u00e9e\" \/>\n\t<meta name=\"twitter:data1\" content=\"1 minute\" \/>\n<script type=\"application\/ld+json\" class=\"yoast-schema-graph\">{\"@context\":\"https:\\\/\\\/schema.org\",\"@graph\":[{\"@type\":\"WebPage\",\"@id\":\"https:\\\/\\\/revivalaudio.fr\\\/fr\\\/contact\\\/\",\"url\":\"https:\\\/\\\/revivalaudio.fr\\\/fr\\\/contact\\\/\",\"name\":\"Contact | Revival Audio\",\"isPartOf\":{\"@id\":\"https:\\\/\\\/revivalaudio.fr\\\/#website\"},\"datePublished\":\"2022-04-27T14:48:16+00:00\",\"dateModified\":\"2023-03-31T08:26:41+00:00\",\"breadcrumb\":{\"@id\":\"https:\\\/\\\/revivalaudio.fr\\\/fr\\\/contact\\\/#breadcrumb\"},\"inLanguage\":\"fr-FR\",\"potentialAction\":[{\"@type\":\"ReadAction\",\"target\":[\"https:\\\/\\\/revivalaudio.fr\\\/fr\\\/contact\\\/\"]}]},{\"@type\":\"BreadcrumbList\",\"@id\":\"https:\\\/\\\/revivalaudio.fr\\\/fr\\\/contact\\\/#breadcrumb\",\"itemListElement\":[{\"@type\":\"ListItem\",\"position\":1,\"name\":\"Home\",\"item\":\"https:\\\/\\\/revivalaudio.fr\\\/fr\\\/\"},{\"@type\":\"ListItem\",\"position\":2,\"name\":\"Contact\"}]},{\"@type\":\"WebSite\",\"@id\":\"https:\\\/\\\/revivalaudio.fr\\\/#website\",\"url\":\"https:\\\/\\\/revivalaudio.fr\\\/\",\"name\":\"Revival Audio\",\"description\":\"Listen to the Next Level\",\"publisher\":{\"@id\":\"https:\\\/\\\/revivalaudio.fr\\\/#organization\"},\"potentialAction\":[{\"@type\":\"SearchAction\",\"target\":{\"@type\":\"EntryPoint\",\"urlTemplate\":\"https:\\\/\\\/revivalaudio.fr\\\/?s={search_term_string}\"},\"query-input\":{\"@type\":\"PropertyValueSpecification\",\"valueRequired\":true,\"valueName\":\"search_term_string\"}}],\"inLanguage\":\"fr-FR\"},{\"@type\":\"Organization\",\"@id\":\"https:\\\/\\\/revivalaudio.fr\\\/#organization\",\"name\":\"Revival Audio\",\"url\":\"https:\\\/\\\/revivalaudio.fr\\\/\",\"logo\":{\"@type\":\"ImageObject\",\"inLanguage\":\"fr-FR\",\"@id\":\"https:\\\/\\\/revivalaudio.fr\\\/#\\\/schema\\\/logo\\\/image\\\/\",\"url\":\"https:\\\/\\\/i0.wp.com\\\/revivalaudio.fr\\\/wp-content\\\/uploads\\\/2022\\\/05\\\/Logo-s.png?fit=491%2C491&ssl=1\",\"contentUrl\":\"https:\\\/\\\/i0.wp.com\\\/revivalaudio.fr\\\/wp-content\\\/uploads\\\/2022\\\/05\\\/Logo-s.png?fit=491%2C491&ssl=1\",\"width\":491,\"height\":491,\"caption\":\"Revival Audio\"},\"image\":{\"@id\":\"https:\\\/\\\/revivalaudio.fr\\\/#\\\/schema\\\/logo\\\/image\\\/\"},\"sameAs\":[\"https:\\\/\\\/www.facebook.com\\\/RevivalAudio.fr\",\"https:\\\/\\\/x.com\\\/RevivalAudio_fr\",\"https:\\\/\\\/www.instagram.com\\\/revivalaudio.fr\\\/\"]}]}<\/script>\n<!-- \/ Yoast SEO plugin. -->","yoast_head_json":{"title":"Contact | Revival Audio","robots":{"index":"index","follow":"follow","max-snippet":"max-snippet:-1","max-image-preview":"max-image-preview:large","max-video-preview":"max-video-preview:-1"},"canonical":"https:\/\/revivalaudio.fr\/fr\/contact\/","og_locale":"fr_FR","og_type":"article","og_title":"Contact | Revival Audio","og_url":"https:\/\/revivalaudio.fr\/fr\/contact\/","og_site_name":"Revival Audio","article_publisher":"https:\/\/www.facebook.com\/RevivalAudio.fr","article_modified_time":"2023-03-31T08:26:41+00:00","og_image":[{"width":500,"height":343,"url":"https:\/\/revivalaudio.fr\/wp-content\/uploads\/2022\/04\/logo.png","type":"image\/png"}],"twitter_card":"summary_large_image","twitter_site":"@RevivalAudio_fr","twitter_misc":{"Dur\u00e9e de lecture estim\u00e9e":"1 minute"},"schema":{"@context":"https:\/\/schema.org","@graph":[{"@type":"WebPage","@id":"https:\/\/revivalaudio.fr\/fr\/contact\/","url":"https:\/\/revivalaudio.fr\/fr\/contact\/","name":"Contact | Revival Audio","isPartOf":{"@id":"https:\/\/revivalaudio.fr\/#website"},"datePublished":"2022-04-27T14:48:16+00:00","dateModified":"2023-03-31T08:26:41+00:00","breadcrumb":{"@id":"https:\/\/revivalaudio.fr\/fr\/contact\/#breadcrumb"},"inLanguage":"fr-FR","potentialAction":[{"@type":"ReadAction","target":["https:\/\/revivalaudio.fr\/fr\/contact\/"]}]},{"@type":"BreadcrumbList","@id":"https:\/\/revivalaudio.fr\/fr\/contact\/#breadcrumb","itemListElement":[{"@type":"ListItem","position":1,"name":"Home","item":"https:\/\/revivalaudio.fr\/fr\/"},{"@type":"ListItem","position":2,"name":"Contact"}]},{"@type":"WebSite","@id":"https:\/\/revivalaudio.fr\/#website","url":"https:\/\/revivalaudio.fr\/","name":"Revival Audio","description":"Listen to the Next Level","publisher":{"@id":"https:\/\/revivalaudio.fr\/#organization"},"potentialAction":[{"@type":"SearchAction","target":{"@type":"EntryPoint","urlTemplate":"https:\/\/revivalaudio.fr\/?s={search_term_string}"},"query-input":{"@type":"PropertyValueSpecification","valueRequired":true,"valueName":"search_term_string"}}],"inLanguage":"fr-FR"},{"@type":"Organization","@id":"https:\/\/revivalaudio.fr\/#organization","name":"Revival Audio","url":"https:\/\/revivalaudio.fr\/","logo":{"@type":"ImageObject","inLanguage":"fr-FR","@id":"https:\/\/revivalaudio.fr\/#\/schema\/logo\/image\/","url":"https:\/\/i0.wp.com\/revivalaudio.fr\/wp-content\/uploads\/2022\/05\/Logo-s.png?fit=491%2C491&ssl=1","contentUrl":"https:\/\/i0.wp.com\/revivalaudio.fr\/wp-content\/uploads\/2022\/05\/Logo-s.png?fit=491%2C491&ssl=1","width":491,"height":491,"caption":"Revival Audio"},"image":{"@id":"https:\/\/revivalaudio.fr\/#\/schema\/logo\/image\/"},"sameAs":["https:\/\/www.facebook.com\/RevivalAudio.fr","https:\/\/x.com\/RevivalAudio_fr","https:\/\/www.instagram.com\/revivalaudio.fr\/"]}]}},"jetpack_sharing_enabled":true,"_links":{"self":[{"href":"https:\/\/revivalaudio.fr\/fr\/wp-json\/wp\/v2\/pages\/9552","targetHints":{"allow":["GET"]}}],"collection":[{"href":"https:\/\/revivalaudio.fr\/fr\/wp-json\/wp\/v2\/pages"}],"about":[{"href":"https:\/\/revivalaudio.fr\/fr\/wp-json\/wp\/v2\/types\/page"}],"author":[{"embeddable":true,"href":"https:\/\/revivalaudio.fr\/fr\/wp-json\/wp\/v2\/users\/1"}],"replies":[{"embeddable":true,"href":"https:\/\/revivalaudio.fr\/fr\/wp-json\/wp\/v2\/comments?post=9552"}],"version-history":[{"count":6,"href":"https:\/\/revivalaudio.fr\/fr\/wp-json\/wp\/v2\/pages\/9552\/revisions"}],"predecessor-version":[{"id":12050,"href":"https:\/\/revivalaudio.fr\/fr\/wp-json\/wp\/v2\/pages\/9552\/revisions\/12050"}],"wp:attachment":[{"href":"https:\/\/revivalaudio.fr\/fr\/wp-json\/wp\/v2\/media?parent=9552"}],"curies":[{"name":"wp","href":"https:\/\/api.w.org\/{rel}","templated":true}]}}