{"id":9564,"date":"2022-04-27T16:49:45","date_gmt":"2022-04-27T14:49:45","guid":{"rendered":"http:\/\/revivalaudio.fr\/product-registration\/"},"modified":"2025-12-08T23:07:39","modified_gmt":"2025-12-08T22:07:39","slug":"product-registration","status":"publish","type":"page","link":"https:\/\/revivalaudio.fr\/fr\/product-registration\/","title":{"rendered":"Enregistrement de produits"},"content":{"rendered":"<div class=\"wpb-content-wrapper\"><p>[vc_row][vc_column]\t\t<div id=\"wd-62de4e1dc32e9\" class=\"wd-text-block wd-wpb reset-last-child wd-rs-62de4e1dc32e9 text-left wd-fontsize-custom font-primary \">\n\t\t\t<p>ENREGISTREMENT DE PRODUITS<\/p>\n\t\t<\/div>\n\t\t\t\t<div id=\"wd-69374c0e9315c\" class=\"wd-text-block wd-wpb reset-last-child wd-rs-69374c0e9315c text-left \">\n\t\t\t<p data-start=\"109\" data-end=\"299\">F\u00e9licitations pour votre nouveau produit Revival Audio. Chaque enceinte Revival Audio est con\u00e7ue pour offrir une exp\u00e9rience d\u2019\u00e9coute de niveau sup\u00e9rieur \u2014 durable, naturelle et sans fatigue.<\/p>\n<p data-start=\"301\" data-end=\"490\">L\u2019enregistrement de votre produit permet de faciliter le service apr\u00e8s-vente et d\u2019assurer une prise en charge plus efficace aupr\u00e8s de nos distributeurs et revendeurs agr\u00e9\u00e9s dans votre pays.<\/p>\n<p data-start=\"492\" data-end=\"665\">La garantie peut \u00eatre transf\u00e9r\u00e9e \u00e0 un nouveau propri\u00e9taire, \u00e0 condition qu\u2019une <strong data-start=\"571\" data-end=\"612\">copie de la facture d\u2019achat originale<\/strong> soit fournie pour valider toute demande de garantie.<\/p>\n<p data-start=\"667\" data-end=\"788\">Pour enregistrer votre produit Revival Audio et garantir un support appropri\u00e9, veuillez remplir le formulaire ci-dessous.<\/p>\n<p data-start=\"790\" data-end=\"1037\"><strong data-start=\"790\" data-end=\"810\">Veuillez noter :<\/strong><br data-start=\"810\" data-end=\"813\" \/>Les conditions de garantie et les proc\u00e9dures de service peuvent varier selon les pays.<br data-start=\"899\" data-end=\"902\" \/><strong data-start=\"902\" data-end=\"1037\">La politique de garantie du distributeur local pr\u00e9vaut et constitue la r\u00e9f\u00e9rence officielle pour toute question li\u00e9e \u00e0 la garantie.<\/strong><\/p>\n\t\t<\/div>\n\t\t\n\t\t<div id=\"wd-62de4e8ccbf64\" class=\"title-wrapper wd-wpb wd-set-mb reset-last-child  wd-rs-62de4e8ccbf64 wd-title-color-default wd-title-style-default text-left  wd-underline-colored\">\n\t\t\t\n\t\t\t<div class=\"liner-continer\">\n\t\t\t\t<h4 class=\"woodmart-title-container title  wd-font-weight- wd-fontsize-l\" >Informations sur le propri\u00e9taire<\/h4>\n\t\t\t\t\t\t\t<\/div>\n\t\t\t\n\t\t\t\n\t\t\t\n\t\t<\/div>\n\t\t\n\t\t\n<div class=\"wpcf7 no-js\" id=\"wpcf7-f9917-o1\" lang=\"fr-FR\" dir=\"ltr\" data-wpcf7-id=\"9917\">\n<div class=\"screen-reader-response\"><p role=\"status\" aria-live=\"polite\" aria-atomic=\"true\"><\/p> <ul><\/ul><\/div>\n<form action=\"\/fr\/wp-json\/wp\/v2\/pages\/9564#wpcf7-f9917-o1\" method=\"post\" class=\"wpcf7-form init ebdad1290800 cmatic-conn cmatic-aud-1 cmatic-mapd0-0 cmatic-v097802 cmatic-sent-0 cmatic-total-200\" aria-label=\"Formulaire de contact\" enctype=\"multipart\/form-data\" novalidate=\"novalidate\" data-status=\"init\">\n<fieldset class=\"hidden-fields-container\"><input type=\"hidden\" name=\"_wpcf7\" value=\"9917\" \/><input type=\"hidden\" name=\"_wpcf7_version\" value=\"6.1.5\" \/><input type=\"hidden\" name=\"_wpcf7_locale\" value=\"fr_FR\" \/><input type=\"hidden\" name=\"_wpcf7_unit_tag\" value=\"wpcf7-f9917-o1\" \/><input type=\"hidden\" name=\"_wpcf7_container_post\" value=\"0\" \/><input type=\"hidden\" name=\"_wpcf7_posted_data_hash\" value=\"\" \/><input type=\"hidden\" name=\"_wpcf7_recaptcha_response\" value=\"\" \/>\n<\/fieldset>\n<div class=\"row\">\n\t<p class=\"col-md-6\"><label>Pr\u00e9nom<\/label><span class=\"wpcf7-form-control-wrap\" data-name=\"your-name\"><input size=\"40\" maxlength=\"400\" class=\"wpcf7-form-control wpcf7-text wpcf7-validates-as-required\" aria-required=\"true\" aria-invalid=\"false\" value=\"\" type=\"text\" name=\"your-name\" \/><\/span>\n\t<\/p>\n\t<p class=\"col-md-6\"><label>Nom<\/label><span class=\"wpcf7-form-control-wrap\" data-name=\"sur-name\"><input size=\"40\" maxlength=\"400\" class=\"wpcf7-form-control wpcf7-text wpcf7-validates-as-required\" aria-required=\"true\" aria-invalid=\"false\" value=\"\" type=\"text\" name=\"sur-name\" \/><\/span>\n\t<\/p>\n<\/div>\n<div class=\"row\">\n\t<p class=\"col-md-6\"><label>Adresse<\/label><span class=\"wpcf7-form-control-wrap\" data-name=\"address\"><input size=\"40\" maxlength=\"400\" class=\"wpcf7-form-control wpcf7-text wpcf7-validates-as-required\" aria-required=\"true\" aria-invalid=\"false\" value=\"\" type=\"text\" name=\"address\" \/><\/span>\n\t<\/p>\n\t<p class=\"col-md-6\"><label>Ville<\/label><span class=\"wpcf7-form-control-wrap\" data-name=\"city\"><input size=\"40\" maxlength=\"400\" class=\"wpcf7-form-control wpcf7-text wpcf7-validates-as-required\" aria-required=\"true\" aria-invalid=\"false\" value=\"\" type=\"text\" name=\"city\" \/><\/span>\n\t<\/p>\n<\/div>\n<div class=\"row\">\n\t<p class=\"col-md-6\"><label>\u00c9tat \/ R\u00e9gion<\/label><span class=\"wpcf7-form-control-wrap\" data-name=\"state\"><input size=\"40\" maxlength=\"400\" class=\"wpcf7-form-control wpcf7-text\" aria-invalid=\"false\" value=\"\" type=\"text\" name=\"state\" \/><\/span>\n\t<\/p>\n\t<p class=\"col-md-6\"><label>Code postal<\/label><span class=\"wpcf7-form-control-wrap\" data-name=\"zip-code\"><input size=\"40\" maxlength=\"400\" class=\"wpcf7-form-control wpcf7-text wpcf7-validates-as-required\" aria-required=\"true\" aria-invalid=\"false\" value=\"\" type=\"text\" name=\"zip-code\" \/><\/span>\n\t<\/p>\n<\/div>\n<div class=\"row\">\n\t<p class=\"col-md-6\"><label>Pays<\/label><span class=\"wpcf7-form-control-wrap\" data-name=\"countrytext-50\"><input size=\"40\" class=\"wpcf7-form-control wpcf7-countrytext wpcf7-validates-as-required wpcf7-text wpcf7-validates-as-countrytext\" aria-required=\"true\" aria-invalid=\"false\" value=\"\" type=\"text\" name=\"countrytext-50\" \/><\/span>\n\t<\/p>\n\t<p class=\"col-md-6\"><label>Votre e-mail<\/label><span class=\"wpcf7-form-control-wrap\" data-name=\"your-email\"><input size=\"40\" maxlength=\"400\" class=\"wpcf7-form-control wpcf7-email wpcf7-validates-as-required wpcf7-text wpcf7-validates-as-email\" aria-required=\"true\" aria-invalid=\"false\" value=\"\" type=\"email\" name=\"your-email\" \/><\/span>\n\t<\/p>\n<\/div>\n<div class=\"row\">\n\t<p class=\"col-md-12\">\n\t<\/p>\n\t<h3>Votre produit Revival Audio\n\t<\/h3>\n<\/div>\n<div class=\"row\">\n\t<p class=\"col-md-6\"><label>S\u00e9lectionnez votre produit<\/label><span class=\"wpcf7-form-control-wrap\" data-name=\"menu-533\"><select class=\"wpcf7-form-control wpcf7-select wpcf7-validates-as-required\" aria-required=\"true\" aria-invalid=\"false\" name=\"menu-533\"><option value=\"\">&#8212;Veuillez choisir une option&#8212;<\/option><option value=\"ATALANTE 3\">ATALANTE 3<\/option><option value=\"ATALANTE 4\">ATALANTE 4<\/option><option value=\"ATALANTE 5\">ATALANTE 5<\/option><option value=\"ATALANTE 7 \u00c9vo\">ATALANTE 7 \u00c9vo<\/option><option value=\"ATALANTE Grande R\u00e9serve\">ATALANTE Grande R\u00e9serve<\/option><option value=\"SPRINT 3\">SPRINT 3<\/option><option value=\"SPRINT 4\">SPRINT 4<\/option><\/select><\/span>\n\t<\/p>\n\t<p class=\"col-md-6\"><label>Num\u00e9ro de s\u00e9rie<\/label><span class=\"wpcf7-form-control-wrap\" data-name=\"serial-number\"><input size=\"40\" maxlength=\"400\" class=\"wpcf7-form-control wpcf7-text wpcf7-validates-as-required\" aria-required=\"true\" aria-invalid=\"false\" value=\"\" type=\"text\" name=\"serial-number\" \/><\/span>\n\t<\/p>\n<\/div>\n<div class=\"row\">\n\t<p class=\"col-md-6\"><label>Revendeur \/ Boutique<\/label><span class=\"wpcf7-form-control-wrap\" data-name=\"dealer-shop\"><input size=\"40\" maxlength=\"400\" class=\"wpcf7-form-control wpcf7-text wpcf7-validates-as-required\" aria-required=\"true\" aria-invalid=\"false\" value=\"\" type=\"text\" name=\"dealer-shop\" \/><\/span>\n\t<\/p>\n\t<p class=\"col-md-6\"><label>Date d'achat<\/label><span class=\"wpcf7-form-control-wrap\" data-name=\"date-214\"><input class=\"wpcf7-form-control wpcf7-date wpcf7-validates-as-required wpcf7-validates-as-date\" aria-required=\"true\" aria-invalid=\"false\" value=\"\" type=\"date\" name=\"date-214\" \/><\/span>\n\t<\/p>\n<\/div>\n<div class=\"row\">\n\t<p class=\"col-md-6\"><label>Remarques<\/label><span class=\"wpcf7-form-control-wrap\" data-name=\"note-message\"><textarea cols=\"40\" rows=\"10\" maxlength=\"2000\" class=\"wpcf7-form-control wpcf7-textarea\" aria-invalid=\"false\" name=\"note-message\"><\/textarea><\/span>\n\t<\/p>\n\t<p class=\"col-md-6\"><label>Joindre une preuve d'achat (re\u00e7u ou facture) - max 2 Mo<\/label><span class=\"wpcf7-form-control-wrap\" data-name=\"file-672\"><input size=\"40\" class=\"wpcf7-form-control wpcf7-file wpcf7-validates-as-required\" accept=\"audio\/*,video\/*,image\/*\" aria-required=\"true\" aria-invalid=\"false\" type=\"file\" name=\"file-672\" \/><\/span>\n\t<\/p>\n<\/div>\n<div class=\"row\">\n\t<p class=\"col-md-12\">\n\t<\/p>\n\t<h3>Souhaitez-vous vous abonner \u00e0 notre newsletter ?\n\t<\/h3>\n<\/div>\n<div class=\"row\">\n\t<p class=\"col-md-12\"><span class=\"wpcf7-form-control-wrap\" data-name=\"checkbox-410\"><span class=\"wpcf7-form-control wpcf7-checkbox\"><span class=\"wpcf7-list-item first last\"><label><input type=\"checkbox\" name=\"checkbox-410[]\" value=\"Je souhaite m&#039;inscrire \u00e0 la newsletter !\" \/><span class=\"wpcf7-list-item-label\">Je souhaite m&#039;inscrire \u00e0 la newsletter !<\/span><\/label><\/span><\/span><\/span><span style=\"display:block;\">Revival Audio utilisera uniquement les informations fournies dans le cadre limit\u00e9 de notre <a href=\"\/info\/privacy-policy\/\">politique de confidentialit\u00e9<\/a>.<\/span>\n\t<\/p>\n<\/div>\n<div class=\"row\">\n\t<p><input class=\"wpcf7-form-control wpcf7-submit has-spinner btn-color-black\" type=\"submit\" value=\"Envoyer\" \/>\n\t<\/p>\n<\/div><p style=\"display: none !important;\" class=\"akismet-fields-container\" data-prefix=\"_wpcf7_ak_\"><label>&#916;<textarea name=\"_wpcf7_ak_hp_textarea\" cols=\"45\" rows=\"8\" maxlength=\"100\"><\/textarea><\/label><input type=\"hidden\" id=\"ak_js_1\" name=\"_wpcf7_ak_js\" value=\"20\"\/><script type=\"text\/javascript\">\n\/* <![CDATA[ *\/\ndocument.getElementById( \"ak_js_1\" ).setAttribute( \"value\", ( new Date() ).getTime() );\n\/* ]]> *\/\n<\/script>\n<\/p><div class=\"wpcf7-response-output\" aria-hidden=\"true\"><\/div>\n<\/form>\n<\/div>\n[\/vc_column][\/vc_row]<\/p>\n<\/div>","protected":false},"excerpt":{"rendered":"<p>[vc_row][vc_column][\/vc_column][\/vc_row]<\/p>\n","protected":false},"author":1,"featured_media":0,"parent":0,"menu_order":0,"comment_status":"closed","ping_status":"closed","template":"","meta":{"_acf_changed":false,"om_disable_all_campaigns":false,"footnotes":""},"class_list":["post-9564","page","type-page","status-publish","hentry"],"acf":[],"yoast_head":"<!-- This site is optimized with the Yoast SEO plugin v27.5 - https:\/\/yoast.com\/product\/yoast-seo-wordpress\/ -->\n<title>Enregistrement de produits | Revival Audio<\/title>\n<meta name=\"robots\" content=\"index, follow, max-snippet:-1, max-image-preview:large, max-video-preview:-1\" \/>\n<link rel=\"canonical\" href=\"https:\/\/revivalaudio.fr\/fr\/product-registration\/\" \/>\n<meta property=\"og:locale\" content=\"fr_FR\" \/>\n<meta property=\"og:type\" content=\"article\" \/>\n<meta property=\"og:title\" content=\"Enregistrement de produits | Revival Audio\" \/>\n<meta property=\"og:url\" content=\"https:\/\/revivalaudio.fr\/fr\/product-registration\/\" \/>\n<meta property=\"og:site_name\" content=\"Revival Audio\" \/>\n<meta property=\"article:publisher\" content=\"https:\/\/www.facebook.com\/RevivalAudio.fr\" \/>\n<meta property=\"article:modified_time\" content=\"2025-12-08T22:07:39+00:00\" \/>\n<meta property=\"og:image\" content=\"https:\/\/revivalaudio.fr\/wp-content\/uploads\/2022\/04\/logo.png\" \/>\n\t<meta property=\"og:image:width\" content=\"500\" \/>\n\t<meta property=\"og:image:height\" content=\"343\" \/>\n\t<meta property=\"og:image:type\" content=\"image\/png\" \/>\n<meta name=\"twitter:card\" content=\"summary_large_image\" \/>\n<meta name=\"twitter:site\" content=\"@RevivalAudio_fr\" \/>\n<meta name=\"twitter:label1\" content=\"Dur\u00e9e de lecture estim\u00e9e\" \/>\n\t<meta name=\"twitter:data1\" content=\"1 minute\" \/>\n<script type=\"application\/ld+json\" class=\"yoast-schema-graph\">{\"@context\":\"https:\\\/\\\/schema.org\",\"@graph\":[{\"@type\":\"WebPage\",\"@id\":\"https:\\\/\\\/revivalaudio.fr\\\/fr\\\/product-registration\\\/\",\"url\":\"https:\\\/\\\/revivalaudio.fr\\\/fr\\\/product-registration\\\/\",\"name\":\"Enregistrement de produits | Revival Audio\",\"isPartOf\":{\"@id\":\"https:\\\/\\\/revivalaudio.fr\\\/#website\"},\"datePublished\":\"2022-04-27T14:49:45+00:00\",\"dateModified\":\"2025-12-08T22:07:39+00:00\",\"breadcrumb\":{\"@id\":\"https:\\\/\\\/revivalaudio.fr\\\/fr\\\/product-registration\\\/#breadcrumb\"},\"inLanguage\":\"fr-FR\",\"potentialAction\":[{\"@type\":\"ReadAction\",\"target\":[\"https:\\\/\\\/revivalaudio.fr\\\/fr\\\/product-registration\\\/\"]}]},{\"@type\":\"BreadcrumbList\",\"@id\":\"https:\\\/\\\/revivalaudio.fr\\\/fr\\\/product-registration\\\/#breadcrumb\",\"itemListElement\":[{\"@type\":\"ListItem\",\"position\":1,\"name\":\"Home\",\"item\":\"https:\\\/\\\/revivalaudio.fr\\\/fr\\\/\"},{\"@type\":\"ListItem\",\"position\":2,\"name\":\"Enregistrement de produits\"}]},{\"@type\":\"WebSite\",\"@id\":\"https:\\\/\\\/revivalaudio.fr\\\/#website\",\"url\":\"https:\\\/\\\/revivalaudio.fr\\\/\",\"name\":\"Revival Audio\",\"description\":\"Listen to the Next Level\",\"publisher\":{\"@id\":\"https:\\\/\\\/revivalaudio.fr\\\/#organization\"},\"potentialAction\":[{\"@type\":\"SearchAction\",\"target\":{\"@type\":\"EntryPoint\",\"urlTemplate\":\"https:\\\/\\\/revivalaudio.fr\\\/?s={search_term_string}\"},\"query-input\":{\"@type\":\"PropertyValueSpecification\",\"valueRequired\":true,\"valueName\":\"search_term_string\"}}],\"inLanguage\":\"fr-FR\"},{\"@type\":\"Organization\",\"@id\":\"https:\\\/\\\/revivalaudio.fr\\\/#organization\",\"name\":\"Revival Audio\",\"url\":\"https:\\\/\\\/revivalaudio.fr\\\/\",\"logo\":{\"@type\":\"ImageObject\",\"inLanguage\":\"fr-FR\",\"@id\":\"https:\\\/\\\/revivalaudio.fr\\\/#\\\/schema\\\/logo\\\/image\\\/\",\"url\":\"https:\\\/\\\/i0.wp.com\\\/revivalaudio.fr\\\/wp-content\\\/uploads\\\/2022\\\/05\\\/Logo-s.png?fit=491%2C491&ssl=1\",\"contentUrl\":\"https:\\\/\\\/i0.wp.com\\\/revivalaudio.fr\\\/wp-content\\\/uploads\\\/2022\\\/05\\\/Logo-s.png?fit=491%2C491&ssl=1\",\"width\":491,\"height\":491,\"caption\":\"Revival Audio\"},\"image\":{\"@id\":\"https:\\\/\\\/revivalaudio.fr\\\/#\\\/schema\\\/logo\\\/image\\\/\"},\"sameAs\":[\"https:\\\/\\\/www.facebook.com\\\/RevivalAudio.fr\",\"https:\\\/\\\/x.com\\\/RevivalAudio_fr\",\"https:\\\/\\\/www.instagram.com\\\/revivalaudio.fr\\\/\"]}]}<\/script>\n<!-- \/ Yoast SEO plugin. -->","yoast_head_json":{"title":"Enregistrement de produits | Revival Audio","robots":{"index":"index","follow":"follow","max-snippet":"max-snippet:-1","max-image-preview":"max-image-preview:large","max-video-preview":"max-video-preview:-1"},"canonical":"https:\/\/revivalaudio.fr\/fr\/product-registration\/","og_locale":"fr_FR","og_type":"article","og_title":"Enregistrement de produits | Revival Audio","og_url":"https:\/\/revivalaudio.fr\/fr\/product-registration\/","og_site_name":"Revival Audio","article_publisher":"https:\/\/www.facebook.com\/RevivalAudio.fr","article_modified_time":"2025-12-08T22:07:39+00:00","og_image":[{"width":500,"height":343,"url":"https:\/\/revivalaudio.fr\/wp-content\/uploads\/2022\/04\/logo.png","type":"image\/png"}],"twitter_card":"summary_large_image","twitter_site":"@RevivalAudio_fr","twitter_misc":{"Dur\u00e9e de lecture estim\u00e9e":"1 minute"},"schema":{"@context":"https:\/\/schema.org","@graph":[{"@type":"WebPage","@id":"https:\/\/revivalaudio.fr\/fr\/product-registration\/","url":"https:\/\/revivalaudio.fr\/fr\/product-registration\/","name":"Enregistrement de produits | Revival Audio","isPartOf":{"@id":"https:\/\/revivalaudio.fr\/#website"},"datePublished":"2022-04-27T14:49:45+00:00","dateModified":"2025-12-08T22:07:39+00:00","breadcrumb":{"@id":"https:\/\/revivalaudio.fr\/fr\/product-registration\/#breadcrumb"},"inLanguage":"fr-FR","potentialAction":[{"@type":"ReadAction","target":["https:\/\/revivalaudio.fr\/fr\/product-registration\/"]}]},{"@type":"BreadcrumbList","@id":"https:\/\/revivalaudio.fr\/fr\/product-registration\/#breadcrumb","itemListElement":[{"@type":"ListItem","position":1,"name":"Home","item":"https:\/\/revivalaudio.fr\/fr\/"},{"@type":"ListItem","position":2,"name":"Enregistrement de produits"}]},{"@type":"WebSite","@id":"https:\/\/revivalaudio.fr\/#website","url":"https:\/\/revivalaudio.fr\/","name":"Revival Audio","description":"Listen to the Next Level","publisher":{"@id":"https:\/\/revivalaudio.fr\/#organization"},"potentialAction":[{"@type":"SearchAction","target":{"@type":"EntryPoint","urlTemplate":"https:\/\/revivalaudio.fr\/?s={search_term_string}"},"query-input":{"@type":"PropertyValueSpecification","valueRequired":true,"valueName":"search_term_string"}}],"inLanguage":"fr-FR"},{"@type":"Organization","@id":"https:\/\/revivalaudio.fr\/#organization","name":"Revival Audio","url":"https:\/\/revivalaudio.fr\/","logo":{"@type":"ImageObject","inLanguage":"fr-FR","@id":"https:\/\/revivalaudio.fr\/#\/schema\/logo\/image\/","url":"https:\/\/i0.wp.com\/revivalaudio.fr\/wp-content\/uploads\/2022\/05\/Logo-s.png?fit=491%2C491&ssl=1","contentUrl":"https:\/\/i0.wp.com\/revivalaudio.fr\/wp-content\/uploads\/2022\/05\/Logo-s.png?fit=491%2C491&ssl=1","width":491,"height":491,"caption":"Revival Audio"},"image":{"@id":"https:\/\/revivalaudio.fr\/#\/schema\/logo\/image\/"},"sameAs":["https:\/\/www.facebook.com\/RevivalAudio.fr","https:\/\/x.com\/RevivalAudio_fr","https:\/\/www.instagram.com\/revivalaudio.fr\/"]}]}},"jetpack_sharing_enabled":true,"_links":{"self":[{"href":"https:\/\/revivalaudio.fr\/fr\/wp-json\/wp\/v2\/pages\/9564","targetHints":{"allow":["GET"]}}],"collection":[{"href":"https:\/\/revivalaudio.fr\/fr\/wp-json\/wp\/v2\/pages"}],"about":[{"href":"https:\/\/revivalaudio.fr\/fr\/wp-json\/wp\/v2\/types\/page"}],"author":[{"embeddable":true,"href":"https:\/\/revivalaudio.fr\/fr\/wp-json\/wp\/v2\/users\/1"}],"replies":[{"embeddable":true,"href":"https:\/\/revivalaudio.fr\/fr\/wp-json\/wp\/v2\/comments?post=9564"}],"version-history":[{"count":6,"href":"https:\/\/revivalaudio.fr\/fr\/wp-json\/wp\/v2\/pages\/9564\/revisions"}],"predecessor-version":[{"id":14626,"href":"https:\/\/revivalaudio.fr\/fr\/wp-json\/wp\/v2\/pages\/9564\/revisions\/14626"}],"wp:attachment":[{"href":"https:\/\/revivalaudio.fr\/fr\/wp-json\/wp\/v2\/media?parent=9564"}],"curies":[{"name":"wp","href":"https:\/\/api.w.org\/{rel}","templated":true}]}}