{"id":9568,"date":"2022-04-27T16:49:28","date_gmt":"2022-04-27T14:49:28","guid":{"rendered":"http:\/\/revivalaudio.fr\/warranty-returns\/"},"modified":"2025-12-08T23:03:34","modified_gmt":"2025-12-08T22:03:34","slug":"warranty-returns","status":"publish","type":"page","link":"https:\/\/revivalaudio.fr\/fr\/warranty-returns\/","title":{"rendered":"Garantie"},"content":{"rendered":"<div class=\"wpb-content-wrapper\"><p>[vc_row][vc_column]\t\t<div id=\"wd-660db7667e5d6\" class=\"wd-text-block wd-wpb reset-last-child wd-rs-660db7667e5d6 text-left wd-font-weight-600 wd-fontsize-custom font-primary \">\n\t\t\t<p>Conditions de garantie<\/p>\n\t\t<\/div>\n\t\t\t\t<div id=\"wd-69374abe67df7\" class=\"wd-text-block wd-wpb reset-last-child wd-rs-69374abe67df7 text-left wd-fontsize-s font-alt \">\n\t\t\t<h1 data-start=\"312\" data-end=\"377\"><strong data-start=\"314\" data-end=\"375\">Politique de Garantie Revival Audio\u00a0<\/strong><\/h1>\n<p data-start=\"378\" data-end=\"491\"><em data-start=\"378\" data-end=\"491\">Applicable \u00e0 tous les produits vendus par l\u2019interm\u00e9diaire des distributeurs et revendeurs agr\u00e9\u00e9s Revival Audio.<\/em><\/p>\n<h2 data-start=\"493\" data-end=\"514\"><strong data-start=\"496\" data-end=\"512\">Introduction<\/strong><\/h2>\n<p data-start=\"515\" data-end=\"845\">Revival Audio con\u00e7oit et fabrique des enceintes haut de gamme avec un souci constant de qualit\u00e9, de durabilit\u00e9 et d\u2019excellence acoustique. Notre engagement en mati\u00e8re de service apr\u00e8s-vente, de disponibilit\u00e9 des pi\u00e8ces d\u00e9tach\u00e9es et d\u2019assistance technique est assur\u00e9 en collaboration avec nos distributeurs agr\u00e9\u00e9s dans chaque pays.<\/p>\n<p data-start=\"847\" data-end=\"1063\">Toutes les demandes de garantie sont g\u00e9r\u00e9es <strong data-start=\"891\" data-end=\"905\">localement<\/strong> par les distributeurs et revendeurs agr\u00e9\u00e9s.<br data-start=\"949\" data-end=\"952\" \/><strong data-start=\"952\" data-end=\"1063\">Les conditions de garantie du distributeur local pr\u00e9valent et constituent toujours la r\u00e9f\u00e9rence officielle.<\/strong><\/p>\n<hr data-start=\"1065\" data-end=\"1068\" \/>\n<h1 data-start=\"1070\" data-end=\"1095\"><strong data-start=\"1072\" data-end=\"1093\">Garantie Standard<\/strong><\/h1>\n<p data-start=\"1096\" data-end=\"1293\">Sauf indication contraire du distributeur local, les produits Revival Audio sont garantis contre les d\u00e9fauts de mat\u00e9riaux et de fabrication \u00e0 compter de la date d\u2019achat par le premier client final.<\/p>\n<h3 data-start=\"1295\" data-end=\"1323\"><strong data-start=\"1299\" data-end=\"1321\">Composants Passifs<\/strong><\/h3>\n<p data-start=\"1324\" data-end=\"1537\">Les tweeters, haut-parleurs m\u00e9dium, woofers, subwoofers et composants de filtrage sont g\u00e9n\u00e9ralement couverts pendant <strong data-start=\"1441\" data-end=\"1457\">dix (10) ans<\/strong> \u00e0 partir de la date d\u2019achat, sauf conditions sp\u00e9cifiques du distributeur local.<\/p>\n<h3 data-start=\"1539\" data-end=\"1566\"><strong data-start=\"1543\" data-end=\"1564\">Composants Actifs<\/strong><\/h3>\n<p data-start=\"1567\" data-end=\"1780\">Les modules \u00e9lectroniques internes, cartes d\u2019amplification ou cartes principales sont g\u00e9n\u00e9ralement couverts pendant <strong data-start=\"1683\" data-end=\"1700\">trois (3) ans<\/strong> \u00e0 partir de la date d\u2019achat, sauf conditions sp\u00e9cifiques du distributeur local.<\/p>\n<h3 data-start=\"1782\" data-end=\"1825\"><strong data-start=\"1786\" data-end=\"1823\">\u00c9b\u00e9nisterie et Pi\u00e8ces Cosm\u00e9tiques<\/strong><\/h3>\n<p data-start=\"1826\" data-end=\"2066\">Tout dommage esth\u00e9tique ou d\u00e9faut visible doit \u00eatre signal\u00e9 <strong data-start=\"1886\" data-end=\"1918\">imm\u00e9diatement \u00e0 la r\u00e9ception<\/strong> aupr\u00e8s du revendeur agr\u00e9\u00e9, photos et description \u00e0 l\u2019appui.<br data-start=\"1978\" data-end=\"1981\" \/>Le revendeur ou le distributeur \u00e9valuera la situation et organisera, selon le cas :<\/p>\n<ul data-start=\"2067\" data-end=\"2175\">\n<li data-start=\"2067\" data-end=\"2085\">\n<p data-start=\"2069\" data-end=\"2085\">la r\u00e9paration,<\/p>\n<\/li>\n<li data-start=\"2086\" data-end=\"2130\">\n<p data-start=\"2088\" data-end=\"2130\">le remplacement des pi\u00e8ces d\u00e9fectueuses,<\/p>\n<\/li>\n<li data-start=\"2131\" data-end=\"2175\">\n<p data-start=\"2133\" data-end=\"2175\">ou une proposition de solution appropri\u00e9e.<\/p>\n<\/li>\n<\/ul>\n<hr data-start=\"2177\" data-end=\"2180\" \/>\n<h1 data-start=\"2182\" data-end=\"2206\"><strong data-start=\"2184\" data-end=\"2204\">Garantie \u00c9tendue<\/strong><\/h1>\n<p data-start=\"2207\" data-end=\"2451\">Dans les pays o\u00f9 un programme de Garantie \u00c9tendue est disponible, le client peut en b\u00e9n\u00e9ficier en enregistrant le produit sur :<br data-start=\"2334\" data-end=\"2337\" \/><strong data-start=\"2337\" data-end=\"2394\"><a class=\"decorated-link\" href=\"https:\/\/revivalaudio.fr\/support\/product-registration\/\" target=\"_new\" rel=\"noopener\" data-start=\"2339\" data-end=\"2392\">https:\/\/revivalaudio.fr\/support\/product-registration\/<\/a><\/strong><br data-start=\"2394\" data-end=\"2397\" \/>dans un d\u00e9lai de <strong data-start=\"2414\" data-end=\"2426\">90 jours<\/strong> suivant la date d\u2019achat.<\/p>\n<p data-start=\"2453\" data-end=\"2588\">Les conditions de Garantie \u00c9tendue peuvent varier selon le distributeur local.<br data-start=\"2531\" data-end=\"2534\" \/>Lorsqu\u2019elle est applicable, elle couvre g\u00e9n\u00e9ralement :<\/p>\n<h3 data-start=\"2590\" data-end=\"2618\"><strong data-start=\"2594\" data-end=\"2616\">Composants Passifs<\/strong><\/h3>\n<p data-start=\"2619\" data-end=\"2686\">Jusqu\u2019\u00e0 <strong data-start=\"2627\" data-end=\"2645\">douze (12) ans<\/strong> de garantie \u00e0 partir de la date d\u2019achat.<\/p>\n<hr data-start=\"2688\" data-end=\"2691\" \/>\n<h1 data-start=\"2693\" data-end=\"2722\"><strong data-start=\"2695\" data-end=\"2722\">Limitations de Garantie<\/strong><\/h1>\n<h3 data-start=\"2724\" data-end=\"2782\"><strong data-start=\"2728\" data-end=\"2780\">1. Priorit\u00e9 aux conditions du distributeur local<\/strong><\/h3>\n<p data-start=\"2783\" data-end=\"2967\">Les dur\u00e9es et modalit\u00e9s de garantie peuvent diff\u00e9rer d\u2019un pays \u00e0 l\u2019autre.<br data-start=\"2856\" data-end=\"2859\" \/><strong data-start=\"2859\" data-end=\"2967\">La politique de garantie du distributeur local constitue la r\u00e9f\u00e9rence officielle pour toute r\u00e9clamation.<\/strong><\/p>\n<h3 data-start=\"2969\" data-end=\"2997\"><strong data-start=\"2973\" data-end=\"2995\">2. Transf\u00e9rabilit\u00e9<\/strong><\/h3>\n<p data-start=\"2998\" data-end=\"3085\">La garantie peut \u00eatre transf\u00e9r\u00e9e \u00e0 un nouveau propri\u00e9taire, sous r\u00e9serve de fournir :<\/p>\n<ul data-start=\"3086\" data-end=\"3191\">\n<li data-start=\"3086\" data-end=\"3119\">\n<p data-start=\"3088\" data-end=\"3119\">la facture d\u2019achat originale,<\/p>\n<\/li>\n<li data-start=\"3120\" data-end=\"3191\">\n<p data-start=\"3122\" data-end=\"3191\">le certificat d\u2019enregistrement (si applicable dans le pays concern\u00e9).<\/p>\n<\/li>\n<\/ul>\n<h3 data-start=\"3193\" data-end=\"3216\"><strong data-start=\"3197\" data-end=\"3214\">3. Exclusions<\/strong><\/h3>\n<p data-start=\"3217\" data-end=\"3246\">La garantie ne couvre pas :<\/p>\n<ul data-start=\"3247\" data-end=\"3749\">\n<li data-start=\"3247\" data-end=\"3328\">\n<p data-start=\"3249\" data-end=\"3328\">les dommages m\u00e9caniques, accidentels ou r\u00e9sultant d\u2019une mauvaise utilisation,<\/p>\n<\/li>\n<li data-start=\"3329\" data-end=\"3403\">\n<p data-start=\"3331\" data-end=\"3403\">les manipulations incorrectes, surcharges ou installations inadapt\u00e9es,<\/p>\n<\/li>\n<li data-start=\"3404\" data-end=\"3456\">\n<p data-start=\"3406\" data-end=\"3456\">les modifications ou r\u00e9parations non autoris\u00e9es,<\/p>\n<\/li>\n<li data-start=\"3457\" data-end=\"3519\">\n<p data-start=\"3459\" data-end=\"3519\">les produits dont le num\u00e9ro de s\u00e9rie est alt\u00e9r\u00e9 ou retir\u00e9,<\/p>\n<\/li>\n<li data-start=\"3520\" data-end=\"3575\">\n<p data-start=\"3522\" data-end=\"3575\">les produits achet\u00e9s aupr\u00e8s de vendeurs non agr\u00e9\u00e9s,<\/p>\n<\/li>\n<li data-start=\"3576\" data-end=\"3635\">\n<p data-start=\"3578\" data-end=\"3635\">les ventes B2B, au-del\u00e0 de la garantie l\u00e9gale minimale,<\/p>\n<\/li>\n<li data-start=\"3636\" data-end=\"3749\">\n<p data-start=\"3638\" data-end=\"3749\">les dommages li\u00e9s \u00e0 la foudre, l\u2019eau, le feu, la chaleur, des troubles publics ou toute cause de force majeure.<\/p>\n<\/li>\n<\/ul>\n<h3 data-start=\"3751\" data-end=\"3787\"><strong data-start=\"3755\" data-end=\"3785\">4. Limitation territoriale<\/strong><\/h3>\n<p data-start=\"3788\" data-end=\"3915\">La garantie est valable <strong data-start=\"3812\" data-end=\"3847\">uniquement dans le pays d\u2019achat<\/strong>, et doit \u00eatre trait\u00e9e par le distributeur ou revendeur agr\u00e9\u00e9 local.<\/p>\n<h3 data-start=\"3917\" data-end=\"3950\"><strong data-start=\"3921\" data-end=\"3948\">5. Modalit\u00e9s de Service<\/strong><\/h3>\n<p data-start=\"3951\" data-end=\"4020\">Selon la situation, Revival Audio ou le distributeur peut d\u00e9cider :<\/p>\n<ul data-start=\"4021\" data-end=\"4169\">\n<li data-start=\"4021\" data-end=\"4047\">\n<p data-start=\"4023\" data-end=\"4047\">de r\u00e9parer le produit,<\/p>\n<\/li>\n<li data-start=\"4048\" data-end=\"4093\">\n<p data-start=\"4050\" data-end=\"4093\">de le remplacer par un mod\u00e8le \u00e9quivalent,<\/p>\n<\/li>\n<li data-start=\"4094\" data-end=\"4169\">\n<p data-start=\"4096\" data-end=\"4169\">ou de rembourser le prix d\u2019achat si aucune autre solution n\u2019est possible.<\/p>\n<\/li>\n<\/ul>\n<p data-start=\"4171\" data-end=\"4289\">Les d\u00e9lais de service peuvent varier en fonction de la disponibilit\u00e9 des pi\u00e8ces et des conditions logistiques du pays.<\/p>\n<hr data-start=\"4291\" data-end=\"4294\" \/>\n<h1 data-start=\"4296\" data-end=\"4333\"><strong data-start=\"4298\" data-end=\"4331\">Responsabilit\u00e9 de la Garantie<\/strong><\/h1>\n<p data-start=\"4334\" data-end=\"4584\">Toute r\u00e9clamation doit \u00eatre initi\u00e9e aupr\u00e8s d\u2019un <strong data-start=\"4382\" data-end=\"4415\">revendeur agr\u00e9\u00e9 Revival Audio<\/strong>.<br data-start=\"4416\" data-end=\"4419\" \/>Le revendeur et le distributeur sont responsables de l\u2019\u00e9valuation et du traitement des demandes conform\u00e9ment aux lignes directrices applicables dans leur territoire.<\/p>\n<p data-start=\"4586\" data-end=\"4734\">Dans la majorit\u00e9 des cas, le revendeur assurera un premier diagnostic avant coordination avec le distributeur pour la r\u00e9paration ou le remplacement.<\/p>\n<hr data-start=\"4736\" data-end=\"4739\" \/>\n<h1 data-start=\"4741\" data-end=\"4769\"><strong data-start=\"4743\" data-end=\"4767\">Conditions G\u00e9n\u00e9rales<\/strong><\/h1>\n<p data-start=\"4770\" data-end=\"5125\">La responsabilit\u00e9 de Revival Audio ne peut en aucun cas exc\u00e9der le prix effectivement pay\u00e9 pour le produit.<br data-start=\"4877\" data-end=\"4880\" \/>Cette garantie constitue le recours exclusif du client. Revival Audio ne pourra \u00eatre tenu responsable des dommages indirects, cons\u00e9cutifs, \u00e9conomiques, mat\u00e9riels ou corporels r\u00e9sultant de l\u2019utilisation du produit ou du traitement de la garantie.<\/p>\n\t\t<\/div>\n\t\t[\/vc_column][\/vc_row]<\/p>\n<\/div>","protected":false},"excerpt":{"rendered":"<p>[vc_row][vc_column][\/vc_column][\/vc_row]<\/p>\n","protected":false},"author":1,"featured_media":0,"parent":0,"menu_order":0,"comment_status":"closed","ping_status":"closed","template":"","meta":{"_acf_changed":false,"om_disable_all_campaigns":false,"footnotes":""},"class_list":["post-9568","page","type-page","status-publish","hentry"],"acf":[],"yoast_head":"<!-- This site is optimized with the Yoast SEO plugin v27.5 - https:\/\/yoast.com\/product\/yoast-seo-wordpress\/ -->\n<title>Garantie | Revival Audio<\/title>\n<meta name=\"robots\" content=\"index, follow, max-snippet:-1, max-image-preview:large, max-video-preview:-1\" \/>\n<link rel=\"canonical\" href=\"https:\/\/revivalaudio.fr\/fr\/warranty-returns\/\" \/>\n<meta property=\"og:locale\" content=\"fr_FR\" \/>\n<meta property=\"og:type\" content=\"article\" \/>\n<meta property=\"og:title\" content=\"Garantie | Revival Audio\" \/>\n<meta property=\"og:url\" content=\"https:\/\/revivalaudio.fr\/fr\/warranty-returns\/\" \/>\n<meta property=\"og:site_name\" content=\"Revival Audio\" \/>\n<meta property=\"article:publisher\" content=\"https:\/\/www.facebook.com\/RevivalAudio.fr\" \/>\n<meta property=\"article:modified_time\" content=\"2025-12-08T22:03:34+00:00\" \/>\n<meta property=\"og:image\" content=\"https:\/\/revivalaudio.fr\/wp-content\/uploads\/2022\/04\/logo.png\" \/>\n\t<meta property=\"og:image:width\" content=\"500\" \/>\n\t<meta property=\"og:image:height\" content=\"343\" \/>\n\t<meta property=\"og:image:type\" content=\"image\/png\" \/>\n<meta name=\"twitter:card\" content=\"summary_large_image\" \/>\n<meta name=\"twitter:site\" content=\"@RevivalAudio_fr\" \/>\n<meta name=\"twitter:label1\" content=\"Dur\u00e9e de lecture estim\u00e9e\" \/>\n\t<meta name=\"twitter:data1\" content=\"3 minutes\" \/>\n<script type=\"application\/ld+json\" class=\"yoast-schema-graph\">{\"@context\":\"https:\\\/\\\/schema.org\",\"@graph\":[{\"@type\":\"WebPage\",\"@id\":\"https:\\\/\\\/revivalaudio.fr\\\/fr\\\/warranty-returns\\\/\",\"url\":\"https:\\\/\\\/revivalaudio.fr\\\/fr\\\/warranty-returns\\\/\",\"name\":\"Garantie | Revival Audio\",\"isPartOf\":{\"@id\":\"https:\\\/\\\/revivalaudio.fr\\\/#website\"},\"datePublished\":\"2022-04-27T14:49:28+00:00\",\"dateModified\":\"2025-12-08T22:03:34+00:00\",\"breadcrumb\":{\"@id\":\"https:\\\/\\\/revivalaudio.fr\\\/fr\\\/warranty-returns\\\/#breadcrumb\"},\"inLanguage\":\"fr-FR\",\"potentialAction\":[{\"@type\":\"ReadAction\",\"target\":[\"https:\\\/\\\/revivalaudio.fr\\\/fr\\\/warranty-returns\\\/\"]}]},{\"@type\":\"BreadcrumbList\",\"@id\":\"https:\\\/\\\/revivalaudio.fr\\\/fr\\\/warranty-returns\\\/#breadcrumb\",\"itemListElement\":[{\"@type\":\"ListItem\",\"position\":1,\"name\":\"Home\",\"item\":\"https:\\\/\\\/revivalaudio.fr\\\/fr\\\/\"},{\"@type\":\"ListItem\",\"position\":2,\"name\":\"Garantie\"}]},{\"@type\":\"WebSite\",\"@id\":\"https:\\\/\\\/revivalaudio.fr\\\/#website\",\"url\":\"https:\\\/\\\/revivalaudio.fr\\\/\",\"name\":\"Revival Audio\",\"description\":\"Listen to the Next Level\",\"publisher\":{\"@id\":\"https:\\\/\\\/revivalaudio.fr\\\/#organization\"},\"potentialAction\":[{\"@type\":\"SearchAction\",\"target\":{\"@type\":\"EntryPoint\",\"urlTemplate\":\"https:\\\/\\\/revivalaudio.fr\\\/?s={search_term_string}\"},\"query-input\":{\"@type\":\"PropertyValueSpecification\",\"valueRequired\":true,\"valueName\":\"search_term_string\"}}],\"inLanguage\":\"fr-FR\"},{\"@type\":\"Organization\",\"@id\":\"https:\\\/\\\/revivalaudio.fr\\\/#organization\",\"name\":\"Revival Audio\",\"url\":\"https:\\\/\\\/revivalaudio.fr\\\/\",\"logo\":{\"@type\":\"ImageObject\",\"inLanguage\":\"fr-FR\",\"@id\":\"https:\\\/\\\/revivalaudio.fr\\\/#\\\/schema\\\/logo\\\/image\\\/\",\"url\":\"https:\\\/\\\/i0.wp.com\\\/revivalaudio.fr\\\/wp-content\\\/uploads\\\/2022\\\/05\\\/Logo-s.png?fit=491%2C491&ssl=1\",\"contentUrl\":\"https:\\\/\\\/i0.wp.com\\\/revivalaudio.fr\\\/wp-content\\\/uploads\\\/2022\\\/05\\\/Logo-s.png?fit=491%2C491&ssl=1\",\"width\":491,\"height\":491,\"caption\":\"Revival Audio\"},\"image\":{\"@id\":\"https:\\\/\\\/revivalaudio.fr\\\/#\\\/schema\\\/logo\\\/image\\\/\"},\"sameAs\":[\"https:\\\/\\\/www.facebook.com\\\/RevivalAudio.fr\",\"https:\\\/\\\/x.com\\\/RevivalAudio_fr\",\"https:\\\/\\\/www.instagram.com\\\/revivalaudio.fr\\\/\"]}]}<\/script>\n<!-- \/ Yoast SEO plugin. -->","yoast_head_json":{"title":"Garantie | Revival Audio","robots":{"index":"index","follow":"follow","max-snippet":"max-snippet:-1","max-image-preview":"max-image-preview:large","max-video-preview":"max-video-preview:-1"},"canonical":"https:\/\/revivalaudio.fr\/fr\/warranty-returns\/","og_locale":"fr_FR","og_type":"article","og_title":"Garantie | Revival Audio","og_url":"https:\/\/revivalaudio.fr\/fr\/warranty-returns\/","og_site_name":"Revival Audio","article_publisher":"https:\/\/www.facebook.com\/RevivalAudio.fr","article_modified_time":"2025-12-08T22:03:34+00:00","og_image":[{"width":500,"height":343,"url":"https:\/\/revivalaudio.fr\/wp-content\/uploads\/2022\/04\/logo.png","type":"image\/png"}],"twitter_card":"summary_large_image","twitter_site":"@RevivalAudio_fr","twitter_misc":{"Dur\u00e9e de lecture estim\u00e9e":"3 minutes"},"schema":{"@context":"https:\/\/schema.org","@graph":[{"@type":"WebPage","@id":"https:\/\/revivalaudio.fr\/fr\/warranty-returns\/","url":"https:\/\/revivalaudio.fr\/fr\/warranty-returns\/","name":"Garantie | Revival Audio","isPartOf":{"@id":"https:\/\/revivalaudio.fr\/#website"},"datePublished":"2022-04-27T14:49:28+00:00","dateModified":"2025-12-08T22:03:34+00:00","breadcrumb":{"@id":"https:\/\/revivalaudio.fr\/fr\/warranty-returns\/#breadcrumb"},"inLanguage":"fr-FR","potentialAction":[{"@type":"ReadAction","target":["https:\/\/revivalaudio.fr\/fr\/warranty-returns\/"]}]},{"@type":"BreadcrumbList","@id":"https:\/\/revivalaudio.fr\/fr\/warranty-returns\/#breadcrumb","itemListElement":[{"@type":"ListItem","position":1,"name":"Home","item":"https:\/\/revivalaudio.fr\/fr\/"},{"@type":"ListItem","position":2,"name":"Garantie"}]},{"@type":"WebSite","@id":"https:\/\/revivalaudio.fr\/#website","url":"https:\/\/revivalaudio.fr\/","name":"Revival Audio","description":"Listen to the Next Level","publisher":{"@id":"https:\/\/revivalaudio.fr\/#organization"},"potentialAction":[{"@type":"SearchAction","target":{"@type":"EntryPoint","urlTemplate":"https:\/\/revivalaudio.fr\/?s={search_term_string}"},"query-input":{"@type":"PropertyValueSpecification","valueRequired":true,"valueName":"search_term_string"}}],"inLanguage":"fr-FR"},{"@type":"Organization","@id":"https:\/\/revivalaudio.fr\/#organization","name":"Revival Audio","url":"https:\/\/revivalaudio.fr\/","logo":{"@type":"ImageObject","inLanguage":"fr-FR","@id":"https:\/\/revivalaudio.fr\/#\/schema\/logo\/image\/","url":"https:\/\/i0.wp.com\/revivalaudio.fr\/wp-content\/uploads\/2022\/05\/Logo-s.png?fit=491%2C491&ssl=1","contentUrl":"https:\/\/i0.wp.com\/revivalaudio.fr\/wp-content\/uploads\/2022\/05\/Logo-s.png?fit=491%2C491&ssl=1","width":491,"height":491,"caption":"Revival Audio"},"image":{"@id":"https:\/\/revivalaudio.fr\/#\/schema\/logo\/image\/"},"sameAs":["https:\/\/www.facebook.com\/RevivalAudio.fr","https:\/\/x.com\/RevivalAudio_fr","https:\/\/www.instagram.com\/revivalaudio.fr\/"]}]}},"jetpack_sharing_enabled":true,"_links":{"self":[{"href":"https:\/\/revivalaudio.fr\/fr\/wp-json\/wp\/v2\/pages\/9568","targetHints":{"allow":["GET"]}}],"collection":[{"href":"https:\/\/revivalaudio.fr\/fr\/wp-json\/wp\/v2\/pages"}],"about":[{"href":"https:\/\/revivalaudio.fr\/fr\/wp-json\/wp\/v2\/types\/page"}],"author":[{"embeddable":true,"href":"https:\/\/revivalaudio.fr\/fr\/wp-json\/wp\/v2\/users\/1"}],"replies":[{"embeddable":true,"href":"https:\/\/revivalaudio.fr\/fr\/wp-json\/wp\/v2\/comments?post=9568"}],"version-history":[{"count":6,"href":"https:\/\/revivalaudio.fr\/fr\/wp-json\/wp\/v2\/pages\/9568\/revisions"}],"predecessor-version":[{"id":14625,"href":"https:\/\/revivalaudio.fr\/fr\/wp-json\/wp\/v2\/pages\/9568\/revisions\/14625"}],"wp:attachment":[{"href":"https:\/\/revivalaudio.fr\/fr\/wp-json\/wp\/v2\/media?parent=9568"}],"curies":[{"name":"wp","href":"https:\/\/api.w.org\/{rel}","templated":true}]}}